{"id":22188,"date":"2025-11-21T08:45:21","date_gmt":"2025-11-21T08:45:21","guid":{"rendered":"https:\/\/euvapen.com\/?post_type=product&#038;p=22188"},"modified":"2025-11-21T08:45:23","modified_gmt":"2025-11-21T08:45:23","slug":"puff-40k-bang-king-tornado-40000-puffs-disposable-vape-pen","status":"publish","type":"product","link":"https:\/\/euvapen.com\/sv\/product\/puff-40k-bang-king-tornado-40000-puffs-disposable-vape-pen\/","title":{"rendered":"Puff 40k BANG KING TORNADO 40000 Puffs Disposable Vape Pen"},"content":{"rendered":"<h1 data-start=\"383\" data-end=\"464\"><strong data-start=\"386\" data-end=\"464\">Bang King Tornado 40000 - Justerbart luftfl\u00f6de 40K Vape med 1000mAh batteri<\/strong><\/h1>\n<p data-start=\"465\" data-end=\"876\">Den <strong data-start=\"469\" data-end=\"496\">BANG KING TORNADO 40000<\/strong> \u00e4r en h\u00f6gkapacitets <strong data-start=\"516\" data-end=\"528\">40k vape<\/strong> utformad f\u00f6r prestandafokuserade anv\u00e4ndare som s\u00f6ker l\u00e5ngvarig smak och j\u00e4mn, konsekvent \u00e5nga. Med <strong data-start=\"631\" data-end=\"653\">upp till 40.000 puffar<\/strong>, a <strong data-start=\"657\" data-end=\"675\">1,0\u03a9 n\u00e4tspole<\/strong>, <strong data-start=\"677\" data-end=\"699\">justerbart luftfl\u00f6de<\/strong>, <strong data-start=\"701\" data-end=\"718\">35 ml e-juice<\/strong>, och en kraftfull <strong data-start=\"735\" data-end=\"774\">1000mAh typ C uppladdningsbart batteri<\/strong>, detta <strong data-start=\"781\" data-end=\"801\">Vape 40000 puffar<\/strong> modellen ger h\u00f6gsta m\u00f6jliga tillfredsst\u00e4llelse f\u00f6r b\u00e5de grossist- och detaljistmarknaden.<\/p>\n<p data-start=\"878\" data-end=\"966\">Byggd f\u00f6r att sticka ut med stark produktion, god smak och stabilitet i alla 12 smakerna.<\/p>\n<hr data-start=\"968\" data-end=\"971\" \/>\n<h2 data-start=\"973\" data-end=\"994\">Puff 40k BANG KING TORNADO 40000 \u2b50 <strong data-start=\"978\" data-end=\"994\">Viktiga funktioner<\/strong><\/h2>\n<ul>\n<li data-start=\"997\" data-end=\"1037\"><strong data-start=\"997\" data-end=\"1012\">Antal puffar:<\/strong> Upp till <strong data-start=\"1019\" data-end=\"1035\">40.000 puffar<\/strong><\/li>\n<li><strong data-start=\"1040\" data-end=\"1049\">Typ:<\/strong> Eng\u00e5ngsbruk<\/li>\n<li><strong data-start=\"1065\" data-end=\"1074\">Spole:<\/strong> 1,0\u03a9 n\u00e4tspole<\/li>\n<li><strong data-start=\"1094\" data-end=\"1106\">Luftfl\u00f6de:<\/strong> Justerbar luftfl\u00f6desbrytare<\/li>\n<li><strong data-start=\"1137\" data-end=\"1157\">Nikotinniv\u00e5er:<\/strong> 2% \/ 3% \/ 5%<\/li>\n<li><strong data-start=\"1175\" data-end=\"1197\">E-v\u00e4tska Kapacitet:<\/strong> 35mL<\/li>\n<li><strong data-start=\"1207\" data-end=\"1219\">Batteri:<\/strong> 1000mAh uppladdningsbar<\/li>\n<li><strong data-start=\"1245\" data-end=\"1263\">Port f\u00f6r laddning:<\/strong> Typ C<\/li>\n<li><strong data-start=\"1275\" data-end=\"1287\">Smak\u00e4mnen:<\/strong> 12 fruktbaserade alternativ<\/li>\n<li><strong data-start=\"1315\" data-end=\"1325\">Modell:<\/strong> BANG KING TORNADO 40000<\/li>\n<li><strong data-start=\"1354\" data-end=\"1371\">L\u00e4mplig f\u00f6r:<\/strong> 18+<\/li>\n<\/ul>\n<p data-start=\"1379\" data-end=\"1489\">Ett perfekt val f\u00f6r anv\u00e4ndare som letar efter en <strong data-start=\"1420\" data-end=\"1437\">40k puff vape<\/strong> med flexibelt luftfl\u00f6de och stark batteritid.<\/p>\n<hr data-start=\"1491\" data-end=\"1494\" \/>\n<h2 data-start=\"1496\" data-end=\"1530\">Puff 40k BANG KING TORNADO 40000 \ud83c\udf6d <strong data-start=\"1502\" data-end=\"1530\">Smaklista - 12 alternativ<\/strong><\/h2>\n<p data-start=\"1531\" data-end=\"1550\"><strong>1. Vattenmelon<\/strong><\/p>\n<p data-start=\"1551\" data-end=\"1575\">F\u00e4rskt, krispigt och saftigt.<\/p>\n<p data-start=\"1577\" data-end=\"1607\"><strong>2. Jordgubbe Vattenmelon<\/strong><\/p>\n<p data-start=\"1608\" data-end=\"1634\">En s\u00f6t b\u00e4r-melonblandning.<\/p>\n<p data-start=\"1636\" data-end=\"1658\"><strong>3. Bl\u00e5b\u00e4rsis<\/strong><\/p>\n<p data-start=\"1659\" data-end=\"1679\">Kallt, isigt bl\u00e5b\u00e4r.<\/p>\n<p data-start=\"1681\" data-end=\"1709\"><strong>4. Bl\u00e5b\u00e4r Hallon<\/strong><\/p>\n<p data-start=\"1710\" data-end=\"1741\">En syrlig, syrlig bl\u00e5 razz-fusion.<\/p>\n<p data-start=\"1743\" data-end=\"1766\"><strong>5. Jordgubbsis<\/strong><\/p>\n<p data-start=\"1767\" data-end=\"1803\">S\u00f6t jordgubbe med en kall avslutning.<\/p>\n<p data-start=\"1805\" data-end=\"1829\"><strong>6. Jordgubb Kiwi<\/strong><\/p>\n<p data-start=\"1830\" data-end=\"1865\">Mjuk jordgubbe med ljus kiwi.<\/p>\n<p data-start=\"1867\" data-end=\"1898\"><strong>7. Mango Persika Vattenmelon<\/strong><\/p>\n<p data-start=\"1899\" data-end=\"1925\">Tropisk tri-frukt medley.<\/p>\n<p data-start=\"1927\" data-end=\"1966\"><strong>8. Kiwi Passionsfrukt Granat\u00e4pple<\/strong><\/p>\n<p data-start=\"1967\" data-end=\"1999\">Exotisk, skiktad och uppfriskande.<\/p>\n<p data-start=\"2001\" data-end=\"2019\"><strong>9. Persika is<\/strong><\/p>\n<p data-start=\"2020\" data-end=\"2056\">Kall persika f\u00f6r \u00e4lskare av kylande frukt.<\/p>\n<p data-start=\"2058\" data-end=\"2081\"><strong>10. Blandade b\u00e4r<\/strong><\/p>\n<p data-start=\"2082\" data-end=\"2111\">Ett smakrikt b\u00e4rsortiment.<\/p>\n<p data-start=\"2113\" data-end=\"2138\"><strong>11. Bl\u00e5b\u00e4r Druva<\/strong><\/p>\n<p data-start=\"2139\" data-end=\"2176\">Saftig druva med bl\u00e5b\u00e4rss\u00f6tma.<\/p>\n<p data-start=\"2178\" data-end=\"2208\"><strong>12. Vattenmelon Bubblegum<\/strong><\/p>\n<p data-start=\"2209\" data-end=\"2251\">Uppfriskande melon med underton av godisgummi.<\/p>\n<hr data-start=\"2253\" data-end=\"2256\" \/>\n<h2 data-start=\"2258\" data-end=\"2282\">\u2699\ufe0f <strong data-start=\"2264\" data-end=\"2282\">Specifikationer<\/strong><\/h2>\n<div class=\"_tableContainer_1rjym_1\">\n<div class=\"group _tableWrapper_1rjym_13 flex w-fit flex-col-reverse\" tabindex=\"-1\">\n<table class=\"w-fit min-w-(--thread-content-width)\" data-start=\"2283\" data-end=\"2674\">\n<thead data-start=\"2283\" data-end=\"2306\">\n<tr data-start=\"2283\" data-end=\"2306\">\n<th data-start=\"2283\" data-end=\"2295\" data-col-size=\"sm\">Parameter<\/th>\n<th data-start=\"2295\" data-end=\"2306\" data-col-size=\"sm\">Detaljer<\/th>\n<\/tr>\n<\/thead>\n<tbody data-start=\"2331\" data-end=\"2674\">\n<tr data-start=\"2331\" data-end=\"2359\">\n<td data-start=\"2331\" data-end=\"2343\" data-col-size=\"sm\"><strong data-start=\"2333\" data-end=\"2342\">Puffs<\/strong><\/td>\n<td data-start=\"2343\" data-end=\"2359\" data-col-size=\"sm\">Upp till 40 000<\/td>\n<\/tr>\n<tr data-start=\"2360\" data-end=\"2391\">\n<td data-start=\"2360\" data-end=\"2375\" data-col-size=\"sm\"><strong data-start=\"2362\" data-end=\"2374\">Nikotin<\/strong><\/td>\n<td data-col-size=\"sm\" data-start=\"2375\" data-end=\"2391\">2% \/ 3% \/ 5%<\/td>\n<\/tr>\n<tr data-start=\"2392\" data-end=\"2415\">\n<td data-start=\"2392\" data-end=\"2407\" data-col-size=\"sm\"><strong data-start=\"2394\" data-end=\"2406\">E-v\u00e4tska<\/strong><\/td>\n<td data-start=\"2407\" data-end=\"2415\" data-col-size=\"sm\">35mL<\/td>\n<\/tr>\n<tr data-start=\"2416\" data-end=\"2445\">\n<td data-start=\"2416\" data-end=\"2432\" data-col-size=\"sm\"><strong data-start=\"2418\" data-end=\"2431\">Typ av spole<\/strong><\/td>\n<td data-col-size=\"sm\" data-start=\"2432\" data-end=\"2445\">Mesh 1.0\u03a9<\/td>\n<\/tr>\n<tr data-start=\"2446\" data-end=\"2475\">\n<td data-start=\"2446\" data-end=\"2468\" data-col-size=\"sm\"><strong data-start=\"2448\" data-end=\"2467\">Kontroll av luftfl\u00f6de<\/strong><\/td>\n<td data-col-size=\"sm\" data-start=\"2468\" data-end=\"2475\">Ja<\/td>\n<\/tr>\n<tr data-start=\"2476\" data-end=\"2514\">\n<td data-start=\"2476\" data-end=\"2490\" data-col-size=\"sm\"><strong data-start=\"2478\" data-end=\"2489\">Batteri<\/strong><\/td>\n<td data-col-size=\"sm\" data-start=\"2490\" data-end=\"2514\">1000mAh uppladdningsbar<\/td>\n<\/tr>\n<tr data-start=\"2515\" data-end=\"2540\">\n<td data-start=\"2515\" data-end=\"2530\" data-col-size=\"sm\"><strong data-start=\"2517\" data-end=\"2529\">Laddning<\/strong><\/td>\n<td data-start=\"2530\" data-end=\"2540\" data-col-size=\"sm\">Typ C<\/td>\n<\/tr>\n<tr data-start=\"2541\" data-end=\"2569\">\n<td data-start=\"2541\" data-end=\"2555\" data-col-size=\"sm\"><strong data-start=\"2543\" data-end=\"2554\">Smak\u00e4mnen<\/strong><\/td>\n<td data-col-size=\"sm\" data-start=\"2555\" data-end=\"2569\">12 Alternativ<\/td>\n<\/tr>\n<tr data-start=\"2570\" data-end=\"2595\">\n<td data-start=\"2570\" data-end=\"2582\" data-col-size=\"sm\"><strong data-start=\"2572\" data-end=\"2581\">Varum\u00e4rke<\/strong><\/td>\n<td data-start=\"2582\" data-end=\"2595\" data-col-size=\"sm\">Bang Vape<\/td>\n<\/tr>\n<tr data-start=\"2596\" data-end=\"2625\">\n<td data-start=\"2596\" data-end=\"2608\" data-col-size=\"sm\"><strong data-start=\"2598\" data-end=\"2607\">Modell<\/strong><\/td>\n<td data-col-size=\"sm\" data-start=\"2608\" data-end=\"2625\">Tornado 40000<\/td>\n<\/tr>\n<tr data-start=\"2626\" data-end=\"2651\">\n<td data-start=\"2626\" data-end=\"2637\" data-col-size=\"sm\"><strong data-start=\"2628\" data-end=\"2636\">Typ<\/strong><\/td>\n<td data-start=\"2637\" data-end=\"2651\" data-col-size=\"sm\">Eng\u00e5ngsbruk<\/td>\n<\/tr>\n<tr data-start=\"2652\" data-end=\"2674\">\n<td data-start=\"2652\" data-end=\"2667\" data-col-size=\"sm\"><strong data-start=\"2654\" data-end=\"2666\">L\u00e4mplig<\/strong><\/td>\n<td data-start=\"2667\" data-end=\"2674\" data-col-size=\"sm\">18+<\/td>\n<\/tr>\n<\/tbody>\n<\/table>\n<\/div>\n<\/div>","protected":false},"excerpt":{"rendered":"<p data-start=\"2737\" data-end=\"2998\">Den <strong data-start=\"2741\" data-end=\"2768\">Bang King Tornado 40000<\/strong> levererar upp till <strong data-start=\"2784\" data-end=\"2797\">40k puffs<\/strong> med en 1,0\u03a9 mesh-spole, justerbart luftfl\u00f6de, 35 ml e-juice och ett 1000 mAh typ C uppladdningsbart batteri. Mjuk, smakrik och l\u00e5ngvarig - den perfekta h\u00f6gkapacitets <strong data-start=\"2961\" data-end=\"2990\">Vape 40000 Puffs 40k vape<\/strong> alternativ.<\/p>","protected":false},"featured_media":22215,"comment_status":"open","ping_status":"closed","template":"","meta":{"_acf_changed":false},"pwb-brand":[166],"product_brand":[],"product_cat":[2784,88,57,91,1380,93,95],"product_tag":[70],"class_list":{"0":"post-22188","1":"product","2":"type-product","3":"status-publish","4":"has-post-thumbnail","6":"pwb-brand-bang","7":"product_cat-tornado-vape","8":"product_cat-crystal-vape","9":"product_cat-disposable-vape","10":"product_cat-low-nicotine-vape","11":"product_cat-nicotine-free-vape","12":"product_cat-rechargeable-vapes","13":"product_cat-vape-with-screen","14":"product_tag-puff-40k","16":"first","17":"instock","18":"shipping-taxable","19":"purchasable","20":"product-type-variable"},"acf":[],"yoast_head":"<!-- This site is optimized with the Yoast SEO Premium plugin v26.3 (Yoast SEO v26.3) - https:\/\/yoast.com\/wordpress\/plugins\/seo\/ -->\n<title>Bang King Tornado 40000 \u2013 40K Vape | Vape 40000 Puffs - EuVapen<\/title>\n<meta name=\"description\" content=\"Shop the BANG KING TORNADO 40000 with up to 40k puffs, 35mL e-liquid, adjustable airflow, Type-C charging, and a 1000mAh battery. A powerful and long-lasting 40k puff vape for rich flavor and stable performance.\" \/>\n<meta name=\"robots\" content=\"index, follow, max-snippet:-1, max-image-preview:large, max-video-preview:-1\" \/>\n<link rel=\"canonical\" href=\"https:\/\/euvapen.com\/sv\/product\/puff-40k-bang-king-tornado-40000-puffs-disposable-vape-pen\/\" \/>\n<meta property=\"og:locale\" content=\"sv_SE\" \/>\n<meta property=\"og:type\" content=\"article\" \/>\n<meta property=\"og:title\" content=\"Puff 40k BANG KING TORNADO 40000 Puffs Disposable Vape Pen\" \/>\n<meta property=\"og:description\" content=\"Shop the BANG KING TORNADO 40000 with up to 40k puffs, 35mL e-liquid, adjustable airflow, Type-C charging, and a 1000mAh battery. A powerful and long-lasting 40k puff vape for rich flavor and stable performance.\" \/>\n<meta property=\"og:url\" content=\"https:\/\/euvapen.com\/sv\/product\/puff-40k-bang-king-tornado-40000-puffs-disposable-vape-pen\/\" \/>\n<meta property=\"og:site_name\" content=\"EuVapen\" \/>\n<meta property=\"article:modified_time\" content=\"2025-11-21T08:45:23+00:00\" \/>\n<meta property=\"og:image\" content=\"https:\/\/euvapen.com\/wp-content\/uploads\/2025\/11\/Puff-40k-BANG-KING-TORNADO-40000-Puffs-Disposable-Vape-Pen-mixed-berries.jpg.webp\" \/>\n\t<meta property=\"og:image:width\" content=\"1000\" \/>\n\t<meta property=\"og:image:height\" content=\"1000\" \/>\n\t<meta property=\"og:image:type\" content=\"image\/webp\" \/>\n<meta name=\"twitter:card\" content=\"summary_large_image\" \/>\n<meta name=\"twitter:label1\" content=\"Tillg\u00e4nglig\" \/>\n\t<meta name=\"twitter:data1\" content=\"I lager\" \/>\n<script type=\"application\/ld+json\" class=\"yoast-schema-graph\">{\"@context\":\"https:\/\/schema.org\",\"@graph\":[{\"@type\":\"WebPage\",\"@id\":\"https:\/\/euvapen.com\/product\/puff-40k-bang-king-tornado-40000-puffs-disposable-vape-pen\/\",\"url\":\"https:\/\/euvapen.com\/product\/puff-40k-bang-king-tornado-40000-puffs-disposable-vape-pen\/\",\"name\":\"Bang King Tornado 40000 \u2013 40K Vape | Vape 40000 Puffs - EuVapen\",\"isPartOf\":{\"@id\":\"https:\/\/euvapen.com\/#website\"},\"primaryImageOfPage\":{\"@id\":\"https:\/\/euvapen.com\/product\/puff-40k-bang-king-tornado-40000-puffs-disposable-vape-pen\/#primaryimage\"},\"image\":{\"@id\":\"https:\/\/euvapen.com\/product\/puff-40k-bang-king-tornado-40000-puffs-disposable-vape-pen\/#primaryimage\"},\"thumbnailUrl\":\"https:\/\/euvapen.com\/wp-content\/uploads\/2025\/11\/Puff-40k-BANG-KING-TORNADO-40000-Puffs-Disposable-Vape-Pen-mixed-berries.jpg.webp\",\"datePublished\":\"2025-11-21T08:45:21+00:00\",\"dateModified\":\"2025-11-21T08:45:23+00:00\",\"description\":\"Shop the BANG KING TORNADO 40000 with up to 40k puffs, 35mL e-liquid, adjustable airflow, Type-C charging, and a 1000mAh battery. A powerful and long-lasting 40k puff vape for rich flavor and stable performance.\",\"breadcrumb\":{\"@id\":\"https:\/\/euvapen.com\/product\/puff-40k-bang-king-tornado-40000-puffs-disposable-vape-pen\/#breadcrumb\"},\"inLanguage\":\"sv-SE\",\"potentialAction\":[{\"@type\":\"ReadAction\",\"target\":[\"https:\/\/euvapen.com\/product\/puff-40k-bang-king-tornado-40000-puffs-disposable-vape-pen\/\"]}]},{\"@type\":\"ImageObject\",\"inLanguage\":\"sv-SE\",\"@id\":\"https:\/\/euvapen.com\/product\/puff-40k-bang-king-tornado-40000-puffs-disposable-vape-pen\/#primaryimage\",\"url\":\"https:\/\/euvapen.com\/wp-content\/uploads\/2025\/11\/Puff-40k-BANG-KING-TORNADO-40000-Puffs-Disposable-Vape-Pen-mixed-berries.jpg.webp\",\"contentUrl\":\"https:\/\/euvapen.com\/wp-content\/uploads\/2025\/11\/Puff-40k-BANG-KING-TORNADO-40000-Puffs-Disposable-Vape-Pen-mixed-berries.jpg.webp\",\"width\":1000,\"height\":1000,\"caption\":\"Puff 40k BANG KING TORNADO 40000 Puffs Disposable Vape Pen-mixed-berries.jpg\"},{\"@type\":\"BreadcrumbList\",\"@id\":\"https:\/\/euvapen.com\/product\/puff-40k-bang-king-tornado-40000-puffs-disposable-vape-pen\/#breadcrumb\",\"itemListElement\":[{\"@type\":\"ListItem\",\"position\":1,\"name\":\"Home\",\"item\":\"https:\/\/euvapen.com\/\"},{\"@type\":\"ListItem\",\"position\":2,\"name\":\"Shop\",\"item\":\"https:\/\/euvapen.com\/shop\/\"},{\"@type\":\"ListItem\",\"position\":3,\"name\":\"Puff 40k BANG KING TORNADO 40000 Puffs Disposable Vape Pen\"}]},{\"@type\":\"WebSite\",\"@id\":\"https:\/\/euvapen.com\/#website\",\"url\":\"https:\/\/euvapen.com\/\",\"name\":\"bestpuffvape\",\"description\":\"\",\"publisher\":{\"@id\":\"https:\/\/euvapen.com\/#organization\"},\"potentialAction\":[{\"@type\":\"SearchAction\",\"target\":{\"@type\":\"EntryPoint\",\"urlTemplate\":\"https:\/\/euvapen.com\/?s={search_term_string}\"},\"query-input\":{\"@type\":\"PropertyValueSpecification\",\"valueRequired\":true,\"valueName\":\"search_term_string\"}}],\"inLanguage\":\"sv-SE\"},{\"@type\":[\"Organization\",\"Place\"],\"@id\":\"https:\/\/euvapen.com\/#organization\",\"name\":\"bestpuffvape\",\"alternateName\":\"bestpuffvape\",\"url\":\"https:\/\/euvapen.com\/\",\"logo\":{\"@id\":\"https:\/\/euvapen.com\/product\/puff-40k-bang-king-tornado-40000-puffs-disposable-vape-pen\/#local-main-organization-logo\"},\"image\":{\"@id\":\"https:\/\/euvapen.com\/product\/puff-40k-bang-king-tornado-40000-puffs-disposable-vape-pen\/#local-main-organization-logo\"},\"telephone\":[],\"openingHoursSpecification\":[{\"@type\":\"OpeningHoursSpecification\",\"dayOfWeek\":[\"Monday\",\"Tuesday\",\"Wednesday\",\"Thursday\",\"Friday\",\"Saturday\",\"Sunday\"],\"opens\":\"00:00\",\"closes\":\"23:59\"}]},{\"@type\":\"ImageObject\",\"inLanguage\":\"sv-SE\",\"@id\":\"https:\/\/euvapen.com\/product\/puff-40k-bang-king-tornado-40000-puffs-disposable-vape-pen\/#local-main-organization-logo\",\"url\":\"https:\/\/euvapen.com\/wp-content\/uploads\/2025\/10\/cropped-puffvape-logo.png\",\"contentUrl\":\"https:\/\/euvapen.com\/wp-content\/uploads\/2025\/10\/cropped-puffvape-logo.png\",\"width\":512,\"height\":512,\"caption\":\"bestpuffvape\"}]}<\/script>\n<meta property=\"og:availability\" content=\"instock\" \/>\n<meta property=\"product:availability\" content=\"instock\" \/>\n<meta property=\"product:retailer_item_id\" content=\"BANG-KING-TORNADO-40k\" \/>\n<meta property=\"product:condition\" content=\"new\" \/>\n<!-- \/ Yoast SEO Premium plugin. -->","yoast_head_json":{"title":"Bang King Tornado 40000 \u2013 40K Vape | Vape 40000 Puffs - EuVapen","description":"Shoppa BANG KING TORNADO 40000 med upp till 40k puffar, 35mL e-juice, justerbart luftfl\u00f6de, Type-C laddning och ett 1000mAh batteri. En kraftfull och l\u00e5ngvarig vape med 40k puffar f\u00f6r rik smak och stabil prestanda.","robots":{"index":"index","follow":"follow","max-snippet":"max-snippet:-1","max-image-preview":"max-image-preview:large","max-video-preview":"max-video-preview:-1"},"canonical":"https:\/\/euvapen.com\/sv\/product\/puff-40k-bang-king-tornado-40000-puffs-disposable-vape-pen\/","og_locale":"sv_SE","og_type":"article","og_title":"Puff 40k BANG KING TORNADO 40000 Puffs Disposable Vape Pen","og_description":"Shop the BANG KING TORNADO 40000 with up to 40k puffs, 35mL e-liquid, adjustable airflow, Type-C charging, and a 1000mAh battery. A powerful and long-lasting 40k puff vape for rich flavor and stable performance.","og_url":"https:\/\/euvapen.com\/sv\/product\/puff-40k-bang-king-tornado-40000-puffs-disposable-vape-pen\/","og_site_name":"EuVapen","article_modified_time":"2025-11-21T08:45:23+00:00","og_image":[{"width":1000,"height":1000,"url":"https:\/\/euvapen.com\/wp-content\/uploads\/2025\/11\/Puff-40k-BANG-KING-TORNADO-40000-Puffs-Disposable-Vape-Pen-mixed-berries.jpg.webp","type":"image\/webp"}],"twitter_card":"summary_large_image","twitter_misc":{"Tillg\u00e4nglig":"I lager"},"schema":{"@context":"https:\/\/schema.org","@graph":[{"@type":"WebPage","@id":"https:\/\/euvapen.com\/product\/puff-40k-bang-king-tornado-40000-puffs-disposable-vape-pen\/","url":"https:\/\/euvapen.com\/product\/puff-40k-bang-king-tornado-40000-puffs-disposable-vape-pen\/","name":"Bang King Tornado 40000 \u2013 40K Vape | Vape 40000 Puffs - EuVapen","isPartOf":{"@id":"https:\/\/euvapen.com\/#website"},"primaryImageOfPage":{"@id":"https:\/\/euvapen.com\/product\/puff-40k-bang-king-tornado-40000-puffs-disposable-vape-pen\/#primaryimage"},"image":{"@id":"https:\/\/euvapen.com\/product\/puff-40k-bang-king-tornado-40000-puffs-disposable-vape-pen\/#primaryimage"},"thumbnailUrl":"https:\/\/euvapen.com\/wp-content\/uploads\/2025\/11\/Puff-40k-BANG-KING-TORNADO-40000-Puffs-Disposable-Vape-Pen-mixed-berries.jpg.webp","datePublished":"2025-11-21T08:45:21+00:00","dateModified":"2025-11-21T08:45:23+00:00","description":"Shoppa BANG KING TORNADO 40000 med upp till 40k puffar, 35mL e-juice, justerbart luftfl\u00f6de, Type-C laddning och ett 1000mAh batteri. En kraftfull och l\u00e5ngvarig vape med 40k puffar f\u00f6r rik smak och stabil prestanda.","breadcrumb":{"@id":"https:\/\/euvapen.com\/product\/puff-40k-bang-king-tornado-40000-puffs-disposable-vape-pen\/#breadcrumb"},"inLanguage":"sv-SE","potentialAction":[{"@type":"ReadAction","target":["https:\/\/euvapen.com\/product\/puff-40k-bang-king-tornado-40000-puffs-disposable-vape-pen\/"]}]},{"@type":"ImageObject","inLanguage":"sv-SE","@id":"https:\/\/euvapen.com\/product\/puff-40k-bang-king-tornado-40000-puffs-disposable-vape-pen\/#primaryimage","url":"https:\/\/euvapen.com\/wp-content\/uploads\/2025\/11\/Puff-40k-BANG-KING-TORNADO-40000-Puffs-Disposable-Vape-Pen-mixed-berries.jpg.webp","contentUrl":"https:\/\/euvapen.com\/wp-content\/uploads\/2025\/11\/Puff-40k-BANG-KING-TORNADO-40000-Puffs-Disposable-Vape-Pen-mixed-berries.jpg.webp","width":1000,"height":1000,"caption":"Puff 40k BANG KING TORNADO 40000 Puffs Disposable Vape Pen-mixed-berries.jpg"},{"@type":"BreadcrumbList","@id":"https:\/\/euvapen.com\/product\/puff-40k-bang-king-tornado-40000-puffs-disposable-vape-pen\/#breadcrumb","itemListElement":[{"@type":"ListItem","position":1,"name":"Home","item":"https:\/\/euvapen.com\/"},{"@type":"ListItem","position":2,"name":"Shop","item":"https:\/\/euvapen.com\/shop\/"},{"@type":"ListItem","position":3,"name":"Puff 40k BANG KING TORNADO 40000 Puffs Disposable Vape Pen"}]},{"@type":"WebSite","@id":"https:\/\/euvapen.com\/#website","url":"https:\/\/euvapen.com\/","name":"b\u00e4stapuffvape","description":"","publisher":{"@id":"https:\/\/euvapen.com\/#organization"},"potentialAction":[{"@type":"SearchAction","target":{"@type":"EntryPoint","urlTemplate":"https:\/\/euvapen.com\/?s={search_term_string}"},"query-input":{"@type":"PropertyValueSpecification","valueRequired":true,"valueName":"search_term_string"}}],"inLanguage":"sv-SE"},{"@type":["Organization","Place"],"@id":"https:\/\/euvapen.com\/#organization","name":"b\u00e4stapuffvape","alternateName":"bestpuffvape","url":"https:\/\/euvapen.com\/","logo":{"@id":"https:\/\/euvapen.com\/product\/puff-40k-bang-king-tornado-40000-puffs-disposable-vape-pen\/#local-main-organization-logo"},"image":{"@id":"https:\/\/euvapen.com\/product\/puff-40k-bang-king-tornado-40000-puffs-disposable-vape-pen\/#local-main-organization-logo"},"telephone":[],"openingHoursSpecification":[{"@type":"OpeningHoursSpecification","dayOfWeek":["Monday","Tuesday","Wednesday","Thursday","Friday","Saturday","Sunday"],"opens":"00:00","closes":"23:59"}]},{"@type":"ImageObject","inLanguage":"sv-SE","@id":"https:\/\/euvapen.com\/product\/puff-40k-bang-king-tornado-40000-puffs-disposable-vape-pen\/#local-main-organization-logo","url":"https:\/\/euvapen.com\/wp-content\/uploads\/2025\/10\/cropped-puffvape-logo.png","contentUrl":"https:\/\/euvapen.com\/wp-content\/uploads\/2025\/10\/cropped-puffvape-logo.png","width":512,"height":512,"caption":"bestpuffvape"}]},"og_availability":"instock","product_availability":"instock","product_retailer_item_id":"BANG-KING-TORNADO-40k","product_condition":"new"},"brands":[{"id":166,"name":"Pang","slug":"bang"}],"tiered_pricing_type":"fixed","tiered_pricing_fixed_rules":{"30":"10","50":"8.5","100":"8","200":"7.5"},"tiered_pricing_product_settings":{"layout":"default","base_unit_name":{"singular":null,"plural":null},"default_variation":{}},"tiered_pricing_minimum_quantity":null,"tiered_pricing_roles_data":[],"tiered_pricing_percentage_rules":[],"tiered_pricing_maximum_quantity":null,"tiered_pricing_quantity_step":null,"_links":{"self":[{"href":"https:\/\/euvapen.com\/sv\/wp-json\/wp\/v2\/product\/22188","targetHints":{"allow":["GET"]}}],"collection":[{"href":"https:\/\/euvapen.com\/sv\/wp-json\/wp\/v2\/product"}],"about":[{"href":"https:\/\/euvapen.com\/sv\/wp-json\/wp\/v2\/types\/product"}],"replies":[{"embeddable":true,"href":"https:\/\/euvapen.com\/sv\/wp-json\/wp\/v2\/comments?post=22188"}],"wp:featuredmedia":[{"embeddable":true,"href":"https:\/\/euvapen.com\/sv\/wp-json\/wp\/v2\/media\/22215"}],"wp:attachment":[{"href":"https:\/\/euvapen.com\/sv\/wp-json\/wp\/v2\/media?parent=22188"}],"wp:term":[{"taxonomy":"pwb-brand","embeddable":true,"href":"https:\/\/euvapen.com\/sv\/wp-json\/wp\/v2\/pwb-brand?post=22188"},{"taxonomy":"product_brand","embeddable":true,"href":"https:\/\/euvapen.com\/sv\/wp-json\/wp\/v2\/product_brand?post=22188"},{"taxonomy":"product_cat","embeddable":true,"href":"https:\/\/euvapen.com\/sv\/wp-json\/wp\/v2\/product_cat?post=22188"},{"taxonomy":"product_tag","embeddable":true,"href":"https:\/\/euvapen.com\/sv\/wp-json\/wp\/v2\/product_tag?post=22188"}],"curies":[{"name":"wp","href":"https:\/\/api.w.org\/{rel}","templated":true}]}}