{"id":22512,"date":"2025-11-22T08:56:24","date_gmt":"2025-11-22T08:56:24","guid":{"rendered":"https:\/\/euvapen.com\/?post_type=product&#038;p=22512"},"modified":"2025-11-22T08:56:26","modified_gmt":"2025-11-22T08:56:26","slug":"puff-50k-bang-blaze-starry-50000-puffs-disposable-vape-3-mode-options","status":"publish","type":"product","link":"https:\/\/euvapen.com\/sv\/product\/puff-50k-bang-blaze-starry-50000-puffs-disposable-vape-3-mode-options\/","title":{"rendered":"Puff 50k Bang Blaze Starry 50000 Puffs  Disposable Vape 3 L\u00e4gesalternativ"},"content":{"rendered":"<h1 data-start=\"244\" data-end=\"312\"><strong data-start=\"247\" data-end=\"312\">Bang Blaze Starry 50000 - Multi-Mode 50K Puff Disposable Vape<\/strong><\/h1>\n<p data-start=\"313\" data-end=\"705\">Den <strong data-start=\"317\" data-end=\"344\">Bang Blaze Starry 50000<\/strong> f\u00f6rh\u00f6jer l\u00e5ngvarig prestanda med en smart <strong data-start=\"392\" data-end=\"409\">3-l\u00e4ges system<\/strong>, spolstruktur med dubbla n\u00e4t och en livfull LED-sk\u00e4rm. V\u00e4xla mellan <strong data-start=\"476\" data-end=\"504\">Regulj\u00e4rt l\u00e4ge (50k puffar)<\/strong> och <strong data-start=\"509\" data-end=\"535\">Pulsl\u00e4ge (25k puffar)<\/strong>, eller aktivera <strong data-start=\"549\" data-end=\"574\">Barns\u00e4kert st\u00e4ngningsl\u00e4ge<\/strong> f\u00f6r s\u00e4ker f\u00f6rvaring.<br data-start=\"592\" data-end=\"595\" \/>Perfekt f\u00f6r anv\u00e4ndare som vill ha flexibilitet, tydliga smaker och en extremt l\u00e5ng livsl\u00e4ngd fr\u00e5n en <strong data-start=\"685\" data-end=\"697\">50k vape<\/strong> Enheten drivs av en <strong data-start=\"720\" data-end=\"751\">550mAh uppladdningsbart batteri<\/strong>, Typ-C-laddning och avancerad <strong data-start=\"783\" data-end=\"801\">VPU-teknik<\/strong>, bibeh\u00e5ller denna enhet j\u00e4mn \u00e5nga och dj\u00e4rv smak \u00f6ver alla <strong data-start=\"864\" data-end=\"884\">Vape 50000 Puffs<\/strong>.<\/p>\n<hr data-start=\"887\" data-end=\"890\" \/>\n<h2 data-start=\"892\" data-end=\"911\"><strong data-start=\"895\" data-end=\"911\">Viktiga funktioner<\/strong><\/h2>\n<ul>\n<li data-start=\"912\" data-end=\"1067\">\n<p data-start=\"914\" data-end=\"932\"><strong data-start=\"914\" data-end=\"930\">Puff-utg\u00e5ng:<\/strong><\/p>\n<ul data-start=\"935\" data-end=\"1067\">\n<li data-start=\"935\" data-end=\"987\">\n<p data-start=\"937\" data-end=\"987\"><strong data-start=\"937\" data-end=\"954\">Regulj\u00e4rt l\u00e4ge:<\/strong> Upp till <strong data-start=\"961\" data-end=\"974\">50k puffs<\/strong> (Puff 50k)<\/p>\n<\/li>\n<li data-start=\"990\" data-end=\"1029\">\n<p data-start=\"992\" data-end=\"1029\"><strong data-start=\"992\" data-end=\"1007\">Pulsl\u00e4ge:<\/strong> Upp till <strong data-start=\"1014\" data-end=\"1027\">25k puffs<\/strong><\/p>\n<\/li>\n<li data-start=\"1032\" data-end=\"1067\">\n<p data-start=\"1034\" data-end=\"1067\"><strong data-start=\"1034\" data-end=\"1049\">St\u00e4ng l\u00e4ge:<\/strong> Barns\u00e4kert l\u00e5s<\/p>\n<\/li>\n<\/ul>\n<\/li>\n<li data-start=\"1070\" data-end=\"1107\"><strong data-start=\"1070\" data-end=\"1092\">Nikotinstyrka:<\/strong> 2% \/ 3% \/ 5%<\/li>\n<li data-start=\"1110\" data-end=\"1144\"><strong data-start=\"1110\" data-end=\"1122\">Batteri:<\/strong> 550mAh uppladdningsbar<\/li>\n<li data-start=\"1147\" data-end=\"1168\"><strong data-start=\"1147\" data-end=\"1156\">Spole:<\/strong> Dubbelt n\u00e4t<\/li>\n<li data-start=\"1171\" data-end=\"1196\"><strong data-start=\"1171\" data-end=\"1183\">Chipset:<\/strong> VPU inuti<\/li>\n<li data-start=\"1199\" data-end=\"1224\"><strong data-start=\"1199\" data-end=\"1211\">Display:<\/strong> LED-sk\u00e4rm<\/li>\n<li data-start=\"1227\" data-end=\"1263\"><strong data-start=\"1227\" data-end=\"1240\">Laddning:<\/strong> Typ-C snabbladdning<\/li>\n<li data-start=\"1266\" data-end=\"1294\"><strong data-start=\"1266\" data-end=\"1280\">F\u00f6rpackning:<\/strong> 10 st\/f\u00f6rpackning<\/li>\n<li data-start=\"1297\" data-end=\"1353\"><strong data-start=\"1297\" data-end=\"1310\">Kategori:<\/strong> Ultra-l\u00e5ng livsl\u00e4ngd <strong data-start=\"1327\" data-end=\"1344\">50k puff vape<\/strong> enhet<\/li>\n<\/ul>\n<hr data-start=\"1355\" data-end=\"1358\" \/>\n<h2 data-start=\"1360\" data-end=\"1401\"><strong data-start=\"1363\" data-end=\"1401\">Varf\u00f6r v\u00e4lja Bang Blaze Starry 50000<\/strong><\/h2>\n<ul>\n<li data-start=\"1404\" data-end=\"1447\">3-l\u00e4gesdesign f\u00f6r flexibel vapingkontroll<\/li>\n<li data-start=\"1450\" data-end=\"1506\">Spole med dubbla n\u00e4t ger starkare smak + st\u00f6rre \u00e5nga<\/li>\n<li data-start=\"1509\" data-end=\"1553\">LED-sk\u00e4rm f\u00f6r visning av status i realtid<\/li>\n<li data-start=\"1556\" data-end=\"1584\">S\u00e4kert barns\u00e4kert st\u00e4ngningsl\u00e4ge<\/li>\n<li data-start=\"1587\" data-end=\"1650\">J\u00e4mn och konsekvent prestanda med st\u00f6d av VPU-teknik<\/li>\n<li data-start=\"1653\" data-end=\"1728\">En av de mest l\u00e5nglivade <strong data-start=\"1680\" data-end=\"1700\">Vape 50000 Puffs<\/strong> eng\u00e5ngsartiklar p\u00e5 marknaden<\/li>\n<\/ul>\n<hr data-start=\"1730\" data-end=\"1733\" \/>\n<h2 data-start=\"1735\" data-end=\"1789\"><strong data-start=\"1738\" data-end=\"1789\">Bang Blaze Starry 50000 Puffs - Smaklista<\/strong><\/h2>\n<ol>\n<li data-start=\"1792\" data-end=\"1804\">Vattenmelon<\/li>\n<li data-start=\"1807\" data-end=\"1830\">Jordgubbar Vattenmelon<\/li>\n<li data-start=\"1833\" data-end=\"1848\">Bl\u00e5b\u00e4rsis<\/li>\n<li data-start=\"1851\" data-end=\"1872\">Bl\u00e5b\u00e4r Hallon<\/li>\n<li data-start=\"1875\" data-end=\"1884\">K\u00e4rlek 66<\/li>\n<li data-start=\"1887\" data-end=\"1908\">Tranb\u00e4r Druva Is<\/li>\n<li data-start=\"1911\" data-end=\"1922\">Persika is<\/li>\n<li data-start=\"1925\" data-end=\"1943\">Jordgubb Mango<\/li>\n<li data-start=\"1946\" data-end=\"1960\">Trippelb\u00e4r<\/li>\n<li data-start=\"1963\" data-end=\"1976\">Mango Persika<\/li>\n<li data-start=\"1979\" data-end=\"1992\">Sommartid<\/li>\n<li data-start=\"1995\" data-end=\"2014\">Ananas kokosn\u00f6t<\/li>\n<\/ol>","protected":false},"excerpt":{"rendered":"<p data-start=\"2060\" data-end=\"2284\"><strong data-start=\"2060\" data-end=\"2087\">Bang Blaze Starry 50000<\/strong> levererar upp till <strong data-start=\"2103\" data-end=\"2116\">50k puffs<\/strong> med 3 justerbara l\u00e4gen, dual-mesh coils, LED-display, VPU-teknik och snabbladdning av typ C. En kraftfull, flexibel <strong data-start=\"2235\" data-end=\"2247\">50k vape<\/strong> byggd f\u00f6r l\u00e5ngvarig tillfredsst\u00e4llelse.<\/p>","protected":false},"featured_media":22566,"comment_status":"open","ping_status":"closed","template":"","meta":{"_acf_changed":false},"pwb-brand":[166],"product_brand":[],"product_cat":[15,57,91,1380,93],"product_tag":[59],"class_list":{"0":"post-22512","1":"product","2":"type-product","3":"status-publish","4":"has-post-thumbnail","6":"pwb-brand-bang","7":"product_cat-vape","8":"product_cat-disposable-vape","9":"product_cat-low-nicotine-vape","10":"product_cat-nicotine-free-vape","11":"product_cat-rechargeable-vapes","12":"product_tag-puff-50k","14":"first","15":"instock","16":"shipping-taxable","17":"purchasable","18":"product-type-variable"},"acf":[],"yoast_head":"<!-- This site is optimized with the Yoast SEO Premium plugin v26.3 (Yoast SEO v26.3) - https:\/\/yoast.com\/wordpress\/plugins\/seo\/ -->\n<title>Bang Blaze Starry 50000 | Puff 50k Smart-Mode Disposable - EuVapen<\/title>\n<meta name=\"description\" content=\"Discover the Bang Blaze Starry 50000, a 3-mode 50k puff vape featuring dual-mesh coils, VPU technology, LED display, and Type-C fast charging. Enjoy rich flavor and ultra-long performance with this premium Vape 50000 Puffs device.\" \/>\n<meta name=\"robots\" content=\"index, follow, max-snippet:-1, max-image-preview:large, max-video-preview:-1\" \/>\n<link rel=\"canonical\" href=\"https:\/\/euvapen.com\/sv\/product\/puff-50k-bang-blaze-starry-50000-puffs-disposable-vape-3-mode-options\/\" \/>\n<meta property=\"og:locale\" content=\"sv_SE\" \/>\n<meta property=\"og:type\" content=\"article\" \/>\n<meta property=\"og:title\" content=\"Puff 50k Bang Blaze Starry 50000 Puffs Disposable Vape 3 Mode Options\" \/>\n<meta property=\"og:description\" content=\"Discover the Bang Blaze Starry 50000, a 3-mode 50k puff vape featuring dual-mesh coils, VPU technology, LED display, and Type-C fast charging. Enjoy rich flavor and ultra-long performance with this premium Vape 50000 Puffs device.\" \/>\n<meta property=\"og:url\" content=\"https:\/\/euvapen.com\/sv\/product\/puff-50k-bang-blaze-starry-50000-puffs-disposable-vape-3-mode-options\/\" \/>\n<meta property=\"og:site_name\" content=\"EuVapen\" \/>\n<meta property=\"article:modified_time\" content=\"2025-11-22T08:56:26+00:00\" \/>\n<meta property=\"og:image\" content=\"https:\/\/euvapen.com\/wp-content\/uploads\/2025\/11\/Puff-50k-Bang-Blaze-Starry-50000-Puffs-Disposable-Vape-3-Mode-Options-mango-peach.jpg.webp\" \/>\n\t<meta property=\"og:image:width\" content=\"1000\" \/>\n\t<meta property=\"og:image:height\" content=\"1000\" \/>\n\t<meta property=\"og:image:type\" content=\"image\/webp\" \/>\n<meta name=\"twitter:card\" content=\"summary_large_image\" \/>\n<meta name=\"twitter:label1\" content=\"Tillg\u00e4nglig\" \/>\n\t<meta name=\"twitter:data1\" content=\"I lager\" \/>\n<script type=\"application\/ld+json\" class=\"yoast-schema-graph\">{\"@context\":\"https:\/\/schema.org\",\"@graph\":[{\"@type\":\"WebPage\",\"@id\":\"https:\/\/euvapen.com\/product\/puff-50k-bang-blaze-starry-50000-puffs-disposable-vape-3-mode-options\/\",\"url\":\"https:\/\/euvapen.com\/product\/puff-50k-bang-blaze-starry-50000-puffs-disposable-vape-3-mode-options\/\",\"name\":\"Bang Blaze Starry 50000 | Puff 50k Smart-Mode Disposable - EuVapen\",\"isPartOf\":{\"@id\":\"https:\/\/euvapen.com\/#website\"},\"primaryImageOfPage\":{\"@id\":\"https:\/\/euvapen.com\/product\/puff-50k-bang-blaze-starry-50000-puffs-disposable-vape-3-mode-options\/#primaryimage\"},\"image\":{\"@id\":\"https:\/\/euvapen.com\/product\/puff-50k-bang-blaze-starry-50000-puffs-disposable-vape-3-mode-options\/#primaryimage\"},\"thumbnailUrl\":\"https:\/\/euvapen.com\/wp-content\/uploads\/2025\/11\/Puff-50k-Bang-Blaze-Starry-50000-Puffs-Disposable-Vape-3-Mode-Options-mango-peach.jpg.webp\",\"datePublished\":\"2025-11-22T08:56:24+00:00\",\"dateModified\":\"2025-11-22T08:56:26+00:00\",\"description\":\"Discover the Bang Blaze Starry 50000, a 3-mode 50k puff vape featuring dual-mesh coils, VPU technology, LED display, and Type-C fast charging. Enjoy rich flavor and ultra-long performance with this premium Vape 50000 Puffs device.\",\"breadcrumb\":{\"@id\":\"https:\/\/euvapen.com\/product\/puff-50k-bang-blaze-starry-50000-puffs-disposable-vape-3-mode-options\/#breadcrumb\"},\"inLanguage\":\"sv-SE\",\"potentialAction\":[{\"@type\":\"ReadAction\",\"target\":[\"https:\/\/euvapen.com\/product\/puff-50k-bang-blaze-starry-50000-puffs-disposable-vape-3-mode-options\/\"]}]},{\"@type\":\"ImageObject\",\"inLanguage\":\"sv-SE\",\"@id\":\"https:\/\/euvapen.com\/product\/puff-50k-bang-blaze-starry-50000-puffs-disposable-vape-3-mode-options\/#primaryimage\",\"url\":\"https:\/\/euvapen.com\/wp-content\/uploads\/2025\/11\/Puff-50k-Bang-Blaze-Starry-50000-Puffs-Disposable-Vape-3-Mode-Options-mango-peach.jpg.webp\",\"contentUrl\":\"https:\/\/euvapen.com\/wp-content\/uploads\/2025\/11\/Puff-50k-Bang-Blaze-Starry-50000-Puffs-Disposable-Vape-3-Mode-Options-mango-peach.jpg.webp\",\"width\":1000,\"height\":1000,\"caption\":\"Puff 50k Bang Blaze Starry 50000 Puffs Disposable Vape 3 Mode Options-mango-peach.jpg\"},{\"@type\":\"BreadcrumbList\",\"@id\":\"https:\/\/euvapen.com\/product\/puff-50k-bang-blaze-starry-50000-puffs-disposable-vape-3-mode-options\/#breadcrumb\",\"itemListElement\":[{\"@type\":\"ListItem\",\"position\":1,\"name\":\"Home\",\"item\":\"https:\/\/euvapen.com\/\"},{\"@type\":\"ListItem\",\"position\":2,\"name\":\"Shop\",\"item\":\"https:\/\/euvapen.com\/shop\/\"},{\"@type\":\"ListItem\",\"position\":3,\"name\":\"Puff 50k Bang Blaze Starry 50000 Puffs Disposable Vape 3 Mode Options\"}]},{\"@type\":\"WebSite\",\"@id\":\"https:\/\/euvapen.com\/#website\",\"url\":\"https:\/\/euvapen.com\/\",\"name\":\"bestpuffvape\",\"description\":\"\",\"publisher\":{\"@id\":\"https:\/\/euvapen.com\/#organization\"},\"potentialAction\":[{\"@type\":\"SearchAction\",\"target\":{\"@type\":\"EntryPoint\",\"urlTemplate\":\"https:\/\/euvapen.com\/?s={search_term_string}\"},\"query-input\":{\"@type\":\"PropertyValueSpecification\",\"valueRequired\":true,\"valueName\":\"search_term_string\"}}],\"inLanguage\":\"sv-SE\"},{\"@type\":[\"Organization\",\"Place\"],\"@id\":\"https:\/\/euvapen.com\/#organization\",\"name\":\"bestpuffvape\",\"alternateName\":\"bestpuffvape\",\"url\":\"https:\/\/euvapen.com\/\",\"logo\":{\"@id\":\"https:\/\/euvapen.com\/product\/puff-50k-bang-blaze-starry-50000-puffs-disposable-vape-3-mode-options\/#local-main-organization-logo\"},\"image\":{\"@id\":\"https:\/\/euvapen.com\/product\/puff-50k-bang-blaze-starry-50000-puffs-disposable-vape-3-mode-options\/#local-main-organization-logo\"},\"telephone\":[],\"openingHoursSpecification\":[{\"@type\":\"OpeningHoursSpecification\",\"dayOfWeek\":[\"Monday\",\"Tuesday\",\"Wednesday\",\"Thursday\",\"Friday\",\"Saturday\",\"Sunday\"],\"opens\":\"00:00\",\"closes\":\"23:59\"}]},{\"@type\":\"ImageObject\",\"inLanguage\":\"sv-SE\",\"@id\":\"https:\/\/euvapen.com\/product\/puff-50k-bang-blaze-starry-50000-puffs-disposable-vape-3-mode-options\/#local-main-organization-logo\",\"url\":\"https:\/\/euvapen.com\/wp-content\/uploads\/2025\/10\/cropped-puffvape-logo.png\",\"contentUrl\":\"https:\/\/euvapen.com\/wp-content\/uploads\/2025\/10\/cropped-puffvape-logo.png\",\"width\":512,\"height\":512,\"caption\":\"bestpuffvape\"}]}<\/script>\n<meta property=\"og:availability\" content=\"instock\" \/>\n<meta property=\"product:availability\" content=\"instock\" \/>\n<meta property=\"product:retailer_item_id\" content=\"Bang-Blaze-Starry-50k\" \/>\n<meta property=\"product:condition\" content=\"new\" \/>\n<!-- \/ Yoast SEO Premium plugin. -->","yoast_head_json":{"title":"Bang Blaze Starry 50000 | Puff 50k Smart-Mode Disposable - EuVapen","description":"Uppt\u00e4ck Bang Blaze Starry 50000, en 3-l\u00e4ges 50k puff vape med dual-mesh coils, VPU-teknik, LED-display och Type-C snabbladdning. Njut av rik smak och ultra-l\u00e5ng prestanda med denna premium Vape 50000 Puffs-enhet.","robots":{"index":"index","follow":"follow","max-snippet":"max-snippet:-1","max-image-preview":"max-image-preview:large","max-video-preview":"max-video-preview:-1"},"canonical":"https:\/\/euvapen.com\/sv\/product\/puff-50k-bang-blaze-starry-50000-puffs-disposable-vape-3-mode-options\/","og_locale":"sv_SE","og_type":"article","og_title":"Puff 50k Bang Blaze Starry 50000 Puffs Disposable Vape 3 Mode Options","og_description":"Discover the Bang Blaze Starry 50000, a 3-mode 50k puff vape featuring dual-mesh coils, VPU technology, LED display, and Type-C fast charging. Enjoy rich flavor and ultra-long performance with this premium Vape 50000 Puffs device.","og_url":"https:\/\/euvapen.com\/sv\/product\/puff-50k-bang-blaze-starry-50000-puffs-disposable-vape-3-mode-options\/","og_site_name":"EuVapen","article_modified_time":"2025-11-22T08:56:26+00:00","og_image":[{"width":1000,"height":1000,"url":"https:\/\/euvapen.com\/wp-content\/uploads\/2025\/11\/Puff-50k-Bang-Blaze-Starry-50000-Puffs-Disposable-Vape-3-Mode-Options-mango-peach.jpg.webp","type":"image\/webp"}],"twitter_card":"summary_large_image","twitter_misc":{"Tillg\u00e4nglig":"I lager"},"schema":{"@context":"https:\/\/schema.org","@graph":[{"@type":"WebPage","@id":"https:\/\/euvapen.com\/product\/puff-50k-bang-blaze-starry-50000-puffs-disposable-vape-3-mode-options\/","url":"https:\/\/euvapen.com\/product\/puff-50k-bang-blaze-starry-50000-puffs-disposable-vape-3-mode-options\/","name":"Bang Blaze Starry 50000 | Puff 50k Smart-Mode Disposable - EuVapen","isPartOf":{"@id":"https:\/\/euvapen.com\/#website"},"primaryImageOfPage":{"@id":"https:\/\/euvapen.com\/product\/puff-50k-bang-blaze-starry-50000-puffs-disposable-vape-3-mode-options\/#primaryimage"},"image":{"@id":"https:\/\/euvapen.com\/product\/puff-50k-bang-blaze-starry-50000-puffs-disposable-vape-3-mode-options\/#primaryimage"},"thumbnailUrl":"https:\/\/euvapen.com\/wp-content\/uploads\/2025\/11\/Puff-50k-Bang-Blaze-Starry-50000-Puffs-Disposable-Vape-3-Mode-Options-mango-peach.jpg.webp","datePublished":"2025-11-22T08:56:24+00:00","dateModified":"2025-11-22T08:56:26+00:00","description":"Uppt\u00e4ck Bang Blaze Starry 50000, en 3-l\u00e4ges 50k puff vape med dual-mesh coils, VPU-teknik, LED-display och Type-C snabbladdning. Njut av rik smak och ultra-l\u00e5ng prestanda med denna premium Vape 50000 Puffs-enhet.","breadcrumb":{"@id":"https:\/\/euvapen.com\/product\/puff-50k-bang-blaze-starry-50000-puffs-disposable-vape-3-mode-options\/#breadcrumb"},"inLanguage":"sv-SE","potentialAction":[{"@type":"ReadAction","target":["https:\/\/euvapen.com\/product\/puff-50k-bang-blaze-starry-50000-puffs-disposable-vape-3-mode-options\/"]}]},{"@type":"ImageObject","inLanguage":"sv-SE","@id":"https:\/\/euvapen.com\/product\/puff-50k-bang-blaze-starry-50000-puffs-disposable-vape-3-mode-options\/#primaryimage","url":"https:\/\/euvapen.com\/wp-content\/uploads\/2025\/11\/Puff-50k-Bang-Blaze-Starry-50000-Puffs-Disposable-Vape-3-Mode-Options-mango-peach.jpg.webp","contentUrl":"https:\/\/euvapen.com\/wp-content\/uploads\/2025\/11\/Puff-50k-Bang-Blaze-Starry-50000-Puffs-Disposable-Vape-3-Mode-Options-mango-peach.jpg.webp","width":1000,"height":1000,"caption":"Puff 50k Bang Blaze Starry 50000 Puffs Disposable Vape 3 Mode Options-mango-peach.jpg"},{"@type":"BreadcrumbList","@id":"https:\/\/euvapen.com\/product\/puff-50k-bang-blaze-starry-50000-puffs-disposable-vape-3-mode-options\/#breadcrumb","itemListElement":[{"@type":"ListItem","position":1,"name":"Home","item":"https:\/\/euvapen.com\/"},{"@type":"ListItem","position":2,"name":"Shop","item":"https:\/\/euvapen.com\/shop\/"},{"@type":"ListItem","position":3,"name":"Puff 50k Bang Blaze Starry 50000 Puffs Disposable Vape 3 Mode Options"}]},{"@type":"WebSite","@id":"https:\/\/euvapen.com\/#website","url":"https:\/\/euvapen.com\/","name":"b\u00e4stapuffvape","description":"","publisher":{"@id":"https:\/\/euvapen.com\/#organization"},"potentialAction":[{"@type":"SearchAction","target":{"@type":"EntryPoint","urlTemplate":"https:\/\/euvapen.com\/?s={search_term_string}"},"query-input":{"@type":"PropertyValueSpecification","valueRequired":true,"valueName":"search_term_string"}}],"inLanguage":"sv-SE"},{"@type":["Organization","Place"],"@id":"https:\/\/euvapen.com\/#organization","name":"b\u00e4stapuffvape","alternateName":"bestpuffvape","url":"https:\/\/euvapen.com\/","logo":{"@id":"https:\/\/euvapen.com\/product\/puff-50k-bang-blaze-starry-50000-puffs-disposable-vape-3-mode-options\/#local-main-organization-logo"},"image":{"@id":"https:\/\/euvapen.com\/product\/puff-50k-bang-blaze-starry-50000-puffs-disposable-vape-3-mode-options\/#local-main-organization-logo"},"telephone":[],"openingHoursSpecification":[{"@type":"OpeningHoursSpecification","dayOfWeek":["Monday","Tuesday","Wednesday","Thursday","Friday","Saturday","Sunday"],"opens":"00:00","closes":"23:59"}]},{"@type":"ImageObject","inLanguage":"sv-SE","@id":"https:\/\/euvapen.com\/product\/puff-50k-bang-blaze-starry-50000-puffs-disposable-vape-3-mode-options\/#local-main-organization-logo","url":"https:\/\/euvapen.com\/wp-content\/uploads\/2025\/10\/cropped-puffvape-logo.png","contentUrl":"https:\/\/euvapen.com\/wp-content\/uploads\/2025\/10\/cropped-puffvape-logo.png","width":512,"height":512,"caption":"bestpuffvape"}]},"og_availability":"instock","product_availability":"instock","product_retailer_item_id":"Bang-Blaze-Starry-50k","product_condition":"new"},"brands":[{"id":166,"name":"Pang","slug":"bang"}],"tiered_pricing_type":"fixed","tiered_pricing_fixed_rules":{"30":"10","50":"8","100":"7.6","200":"7.5"},"tiered_pricing_product_settings":{"layout":"default","base_unit_name":{"singular":null,"plural":null},"default_variation":{}},"tiered_pricing_minimum_quantity":10,"tiered_pricing_roles_data":[],"tiered_pricing_percentage_rules":[],"tiered_pricing_maximum_quantity":null,"tiered_pricing_quantity_step":"10","_links":{"self":[{"href":"https:\/\/euvapen.com\/sv\/wp-json\/wp\/v2\/product\/22512","targetHints":{"allow":["GET"]}}],"collection":[{"href":"https:\/\/euvapen.com\/sv\/wp-json\/wp\/v2\/product"}],"about":[{"href":"https:\/\/euvapen.com\/sv\/wp-json\/wp\/v2\/types\/product"}],"replies":[{"embeddable":true,"href":"https:\/\/euvapen.com\/sv\/wp-json\/wp\/v2\/comments?post=22512"}],"wp:featuredmedia":[{"embeddable":true,"href":"https:\/\/euvapen.com\/sv\/wp-json\/wp\/v2\/media\/22566"}],"wp:attachment":[{"href":"https:\/\/euvapen.com\/sv\/wp-json\/wp\/v2\/media?parent=22512"}],"wp:term":[{"taxonomy":"pwb-brand","embeddable":true,"href":"https:\/\/euvapen.com\/sv\/wp-json\/wp\/v2\/pwb-brand?post=22512"},{"taxonomy":"product_brand","embeddable":true,"href":"https:\/\/euvapen.com\/sv\/wp-json\/wp\/v2\/product_brand?post=22512"},{"taxonomy":"product_cat","embeddable":true,"href":"https:\/\/euvapen.com\/sv\/wp-json\/wp\/v2\/product_cat?post=22512"},{"taxonomy":"product_tag","embeddable":true,"href":"https:\/\/euvapen.com\/sv\/wp-json\/wp\/v2\/product_tag?post=22512"}],"curies":[{"name":"wp","href":"https:\/\/api.w.org\/{rel}","templated":true}]}}