{"id":22513,"date":"2025-11-22T08:58:48","date_gmt":"2025-11-22T08:58:48","guid":{"rendered":"https:\/\/euvapen.com\/?post_type=product&#038;p=22513"},"modified":"2025-11-22T08:58:50","modified_gmt":"2025-11-22T08:58:50","slug":"puff-80k-bang-de-80000-puffs-disposable-vape-3-adjustable-flavors","status":"publish","type":"product","link":"https:\/\/euvapen.com\/sv\/product\/puff-80k-bang-de-80000-puffs-disposable-vape-3-adjustable-flavors\/","title":{"rendered":"Puff 80k Bang DE 80000 Puffs  Disposable Vape 3 justerbara smaker"},"content":{"rendered":"<h1 data-start=\"212\" data-end=\"273\"><strong data-start=\"215\" data-end=\"273\">Bang DE 80000 - Trippel-smak 80K Puff Disposable Vape<\/strong><\/h1>\n<p data-start=\"274\" data-end=\"581\">Den <strong data-start=\"278\" data-end=\"295\">Bang DE 80000<\/strong> \u00e4r utvecklad f\u00f6r anv\u00e4ndare som vill ha extrem livsl\u00e4ngd, rikare smak och multismakskontroll i en kompakt enhet. Med <strong data-start=\"420\" data-end=\"448\">tre justerbara smaker<\/strong>, triple-mesh coil-teknik och en skarp <strong data-start=\"491\" data-end=\"506\">LCD-display<\/strong>, detta <strong data-start=\"513\" data-end=\"525\">80k vape<\/strong> ger enorm uth\u00e5llighet och precisionsinst\u00e4llning av smaker.<\/p>\n<p data-start=\"583\" data-end=\"819\">Med <strong data-start=\"588\" data-end=\"619\">20mL \u00d7 3 tankar (totalt 60mL)<\/strong> och en uppladdningsbar <strong data-start=\"639\" data-end=\"657\">650 mAh batteri<\/strong>, garanterar den en j\u00e4mn och stabil prestanda fr\u00e5n f\u00f6rsta till sista inandningen <strong data-start=\"731\" data-end=\"751\">Vape 80000 puffar<\/strong>. Perfekt f\u00f6r l\u00e5ngtidsanv\u00e4ndning, butikshyllor och smakentusiaster.<\/p>\n<hr data-start=\"821\" data-end=\"824\" \/>\n<h2 data-start=\"826\" data-end=\"845\"><strong data-start=\"829\" data-end=\"845\">Viktiga funktioner<\/strong><\/h2>\n<ul>\n<li data-start=\"848\" data-end=\"902\"><strong data-start=\"848\" data-end=\"866\">Puffkapacitet:<\/strong> Upp till <strong data-start=\"873\" data-end=\"889\">80,000 puffs<\/strong> (Puff 80k)<\/li>\n<li data-start=\"905\" data-end=\"941\"><strong data-start=\"905\" data-end=\"926\">Nikotinalternativ:<\/strong> 2% \/ 3% \/ 5%<\/li>\n<li data-start=\"944\" data-end=\"985\"><strong data-start=\"944\" data-end=\"962\">Smaksystem:<\/strong> 3 justerbara smaker<\/li>\n<li data-start=\"988\" data-end=\"1025\"><strong data-start=\"988\" data-end=\"1001\">E-v\u00e4tska:<\/strong> 20mL \u00d7 3 (totalt 60mL)<\/li>\n<li data-start=\"1028\" data-end=\"1062\"><strong data-start=\"1028\" data-end=\"1040\">Batteri:<\/strong> 650mAh uppladdningsbar<\/li>\n<li data-start=\"1065\" data-end=\"1107\"><strong data-start=\"1065\" data-end=\"1084\">Spolstruktur:<\/strong> Tredubbla n\u00e4t 1,0\u03a9 \u00d7 3<\/li>\n<li data-start=\"1110\" data-end=\"1140\"><strong data-start=\"1110\" data-end=\"1122\">Display:<\/strong> LCD-informationssk\u00e4rm<\/li>\n<li data-start=\"1143\" data-end=\"1177\"><strong data-start=\"1143\" data-end=\"1156\">Laddning:<\/strong> Typ-C snabbladdning<\/li>\n<li data-start=\"1180\" data-end=\"1208\"><strong data-start=\"1180\" data-end=\"1194\">F\u00f6rpackning:<\/strong> 10 st\/f\u00f6rpackning<\/li>\n<li data-start=\"1211\" data-end=\"1260\"><strong data-start=\"1211\" data-end=\"1224\">Kategori:<\/strong> H\u00f6g slitstyrka <strong data-start=\"1241\" data-end=\"1258\">80k puff vape<\/strong><\/li>\n<\/ul>\n<hr data-start=\"1262\" data-end=\"1265\" \/>\n<h2 data-start=\"1267\" data-end=\"1298\"><strong data-start=\"1270\" data-end=\"1298\">Varf\u00f6r v\u00e4lja Bang DE 80000<\/strong><\/h2>\n<ul>\n<li data-start=\"1301\" data-end=\"1354\">System med tre smakomkopplare f\u00f6r anpassningsbar vaping<\/li>\n<li data-start=\"1357\" data-end=\"1388\">Enorm total tankkapacitet p\u00e5 60 ml<\/li>\n<li data-start=\"1391\" data-end=\"1439\">LCD-display f\u00f6r prestationsuppf\u00f6ljning i realtid<\/li>\n<li data-start=\"1442\" data-end=\"1505\">Effektiv spole med tre n\u00e4t ger t\u00e4t \u00e5nga och dj\u00e4rv smak<\/li>\n<li data-start=\"1508\" data-end=\"1555\">Idealisk f\u00f6r l\u00e5ngvariga storanv\u00e4ndare och \u00e5terf\u00f6rs\u00e4ljare<\/li>\n<li data-start=\"1558\" data-end=\"1625\">Ultral\u00e5ng livsl\u00e4ngd j\u00e4mf\u00f6rt med de flesta <strong data-start=\"1595\" data-end=\"1615\">Vape 80000 puffar<\/strong> enheter<\/li>\n<\/ul>\n<hr data-start=\"1627\" data-end=\"1630\" \/>\n<h2 data-start=\"1632\" data-end=\"1676\"><strong data-start=\"1635\" data-end=\"1676\">Bang DE 80000 80K Puffs - Smaklista<\/strong><\/h2>\n<ol>\n<li data-start=\"1679\" data-end=\"1724\">Vattenmelon Ice &amp; Red Bull &amp; Strawberry Kiwi<\/li>\n<li data-start=\"1727\" data-end=\"1779\">Bl\u00e5b\u00e4rsglass &amp; Jordgubb Vattenmelon &amp; Citron Lime<\/li>\n<li data-start=\"1782\" data-end=\"1855\">Bl\u00e5b\u00e4r Vattenmelon &amp; Kiwi Passionsfrukt Guava &amp; Vattenmelon Bubble Gum<\/li>\n<li data-start=\"1858\" data-end=\"1910\">Black Dragon Ice &amp; Sour Mango Pineapple &amp; Red Bull<\/li>\n<li data-start=\"1913\" data-end=\"1964\">Jordgubb Vattenmelon &amp; Blandade b\u00e4r &amp; Citron Persika<\/li>\n<li data-start=\"1967\" data-end=\"2023\">Blueberry Razz &amp; Strawberry Banana &amp; Pineapple Coconut<\/li>\n<li data-start=\"2026\" data-end=\"2070\">Blueberry Ice &amp; Triple Melon &amp; Apple Grape<\/li>\n<li data-start=\"2073\" data-end=\"2130\">Vattenmelon Drakfrukt &amp; Mango Persika &amp; Jordgubb Kiwi<\/li>\n<li data-start=\"2133\" data-end=\"2194\">Bl\u00e5b\u00e4r Hallon &amp; Jordgubb Vanilj Coke &amp; Blandade b\u00e4r<\/li>\n<li data-start=\"2197\" data-end=\"2263\">Vattenmelonglass &amp; jordgubbsglass &amp; kiwi passionsfrukt guava<\/li>\n<li data-start=\"2266\" data-end=\"2320\">Blueberry Razz &amp; Black Dragon Ice &amp; Fizzy Cherry Ice<\/li>\n<li data-start=\"2323\" data-end=\"2382\">Cherry Cola Ice &amp; Blueberry Watermelon &amp; Strawberry Mango<\/li>\n<\/ol>","protected":false},"excerpt":{"rendered":"<p data-start=\"2428\" data-end=\"2650\">Den <strong data-start=\"2432\" data-end=\"2449\">Bang DE 80000<\/strong> levererar upp till <strong data-start=\"2465\" data-end=\"2478\">80k puffs<\/strong> med triple-flavor switching, triple-mesh coils, 60mL kapacitet, LCD-display och Type-C snabbladdning. En premium med l\u00e5ng livsl\u00e4ngd <strong data-start=\"2605\" data-end=\"2617\">80k vape<\/strong> byggd f\u00f6r kraft och flexibilitet.<\/p>","protected":false},"featured_media":22532,"comment_status":"open","ping_status":"closed","template":"","meta":{"_acf_changed":false},"pwb-brand":[166],"product_brand":[],"product_cat":[15,87,57,91,1380,93,95],"product_tag":[72],"class_list":{"0":"post-22513","1":"product","2":"type-product","3":"status-publish","4":"has-post-thumbnail","6":"pwb-brand-bang","7":"product_cat-vape","8":"product_cat-big-puff-vape","9":"product_cat-disposable-vape","10":"product_cat-low-nicotine-vape","11":"product_cat-nicotine-free-vape","12":"product_cat-rechargeable-vapes","13":"product_cat-vape-with-screen","14":"product_tag-puff-80k","16":"first","17":"instock","18":"shipping-taxable","19":"purchasable","20":"product-type-variable"},"acf":[],"yoast_head":"<!-- This site is optimized with the Yoast SEO Premium plugin v26.3 (Yoast SEO v26.3) - https:\/\/yoast.com\/wordpress\/plugins\/seo\/ -->\n<title>Bang DE 80000 | Puff 80k Triple-Flavor Disposable | 80k Vape - EuVapen<\/title>\n<meta name=\"description\" content=\"Explore the Bang DE 80000, an ultra-long 80k puff vape with 3 adjustable flavors, triple-mesh coil, 60mL capacity, LCD display, and Type-C fast charging. A top-tier Vape 80000 Puffs device for maximum lifespan and flavor control.\" \/>\n<meta name=\"robots\" content=\"index, follow, max-snippet:-1, max-image-preview:large, max-video-preview:-1\" \/>\n<link rel=\"canonical\" href=\"https:\/\/euvapen.com\/sv\/product\/puff-80k-bang-de-80000-puffs-disposable-vape-3-adjustable-flavors\/\" \/>\n<meta property=\"og:locale\" content=\"sv_SE\" \/>\n<meta property=\"og:type\" content=\"article\" \/>\n<meta property=\"og:title\" content=\"Puff 80k Bang DE 80000 Puffs Disposable Vape 3 Adjustable Flavors\" \/>\n<meta property=\"og:description\" content=\"Explore the Bang DE 80000, an ultra-long 80k puff vape with 3 adjustable flavors, triple-mesh coil, 60mL capacity, LCD display, and Type-C fast charging. A top-tier Vape 80000 Puffs device for maximum lifespan and flavor control.\" \/>\n<meta property=\"og:url\" content=\"https:\/\/euvapen.com\/sv\/product\/puff-80k-bang-de-80000-puffs-disposable-vape-3-adjustable-flavors\/\" \/>\n<meta property=\"og:site_name\" content=\"EuVapen\" \/>\n<meta property=\"article:modified_time\" content=\"2025-11-22T08:58:50+00:00\" \/>\n<meta property=\"og:image\" content=\"https:\/\/euvapen.com\/wp-content\/uploads\/2025\/11\/Puff-80k-Bang-DE-80000-Puffs-Disposable-Vape-3-Adjustable-Flavors-blueberry-watermelon-kiwi-passion-fruit-guava-watermelon-bubble-gum-1.jpg.webp\" \/>\n\t<meta property=\"og:image:width\" content=\"1000\" \/>\n\t<meta property=\"og:image:height\" content=\"1000\" \/>\n\t<meta property=\"og:image:type\" content=\"image\/webp\" \/>\n<meta name=\"twitter:card\" content=\"summary_large_image\" \/>\n<meta name=\"twitter:label1\" content=\"Tillg\u00e4nglig\" \/>\n\t<meta name=\"twitter:data1\" content=\"I lager\" \/>\n<script type=\"application\/ld+json\" class=\"yoast-schema-graph\">{\"@context\":\"https:\/\/schema.org\",\"@graph\":[{\"@type\":\"WebPage\",\"@id\":\"https:\/\/euvapen.com\/product\/puff-80k-bang-de-80000-puffs-disposable-vape-3-adjustable-flavors\/\",\"url\":\"https:\/\/euvapen.com\/product\/puff-80k-bang-de-80000-puffs-disposable-vape-3-adjustable-flavors\/\",\"name\":\"Bang DE 80000 | Puff 80k Triple-Flavor Disposable | 80k Vape - EuVapen\",\"isPartOf\":{\"@id\":\"https:\/\/euvapen.com\/#website\"},\"primaryImageOfPage\":{\"@id\":\"https:\/\/euvapen.com\/product\/puff-80k-bang-de-80000-puffs-disposable-vape-3-adjustable-flavors\/#primaryimage\"},\"image\":{\"@id\":\"https:\/\/euvapen.com\/product\/puff-80k-bang-de-80000-puffs-disposable-vape-3-adjustable-flavors\/#primaryimage\"},\"thumbnailUrl\":\"https:\/\/euvapen.com\/wp-content\/uploads\/2025\/11\/Puff-80k-Bang-DE-80000-Puffs-Disposable-Vape-3-Adjustable-Flavors-blueberry-watermelon-kiwi-passion-fruit-guava-watermelon-bubble-gum-1.jpg.webp\",\"datePublished\":\"2025-11-22T08:58:48+00:00\",\"dateModified\":\"2025-11-22T08:58:50+00:00\",\"description\":\"Explore the Bang DE 80000, an ultra-long 80k puff vape with 3 adjustable flavors, triple-mesh coil, 60mL capacity, LCD display, and Type-C fast charging. A top-tier Vape 80000 Puffs device for maximum lifespan and flavor control.\",\"breadcrumb\":{\"@id\":\"https:\/\/euvapen.com\/product\/puff-80k-bang-de-80000-puffs-disposable-vape-3-adjustable-flavors\/#breadcrumb\"},\"inLanguage\":\"sv-SE\",\"potentialAction\":[{\"@type\":\"ReadAction\",\"target\":[\"https:\/\/euvapen.com\/product\/puff-80k-bang-de-80000-puffs-disposable-vape-3-adjustable-flavors\/\"]}]},{\"@type\":\"ImageObject\",\"inLanguage\":\"sv-SE\",\"@id\":\"https:\/\/euvapen.com\/product\/puff-80k-bang-de-80000-puffs-disposable-vape-3-adjustable-flavors\/#primaryimage\",\"url\":\"https:\/\/euvapen.com\/wp-content\/uploads\/2025\/11\/Puff-80k-Bang-DE-80000-Puffs-Disposable-Vape-3-Adjustable-Flavors-blueberry-watermelon-kiwi-passion-fruit-guava-watermelon-bubble-gum-1.jpg.webp\",\"contentUrl\":\"https:\/\/euvapen.com\/wp-content\/uploads\/2025\/11\/Puff-80k-Bang-DE-80000-Puffs-Disposable-Vape-3-Adjustable-Flavors-blueberry-watermelon-kiwi-passion-fruit-guava-watermelon-bubble-gum-1.jpg.webp\",\"width\":1000,\"height\":1000,\"caption\":\"Puff 80k Bang DE 80000 Puffs Disposable Vape 3 Adjustable Flavors-blueberry-watermelon-kiwi-passion-fruit-guava-watermelon-bubble-gum-1.jpg\"},{\"@type\":\"BreadcrumbList\",\"@id\":\"https:\/\/euvapen.com\/product\/puff-80k-bang-de-80000-puffs-disposable-vape-3-adjustable-flavors\/#breadcrumb\",\"itemListElement\":[{\"@type\":\"ListItem\",\"position\":1,\"name\":\"Home\",\"item\":\"https:\/\/euvapen.com\/\"},{\"@type\":\"ListItem\",\"position\":2,\"name\":\"Shop\",\"item\":\"https:\/\/euvapen.com\/shop\/\"},{\"@type\":\"ListItem\",\"position\":3,\"name\":\"Puff 80k Bang DE 80000 Puffs Disposable Vape 3 Adjustable Flavors\"}]},{\"@type\":\"WebSite\",\"@id\":\"https:\/\/euvapen.com\/#website\",\"url\":\"https:\/\/euvapen.com\/\",\"name\":\"bestpuffvape\",\"description\":\"\",\"publisher\":{\"@id\":\"https:\/\/euvapen.com\/#organization\"},\"potentialAction\":[{\"@type\":\"SearchAction\",\"target\":{\"@type\":\"EntryPoint\",\"urlTemplate\":\"https:\/\/euvapen.com\/?s={search_term_string}\"},\"query-input\":{\"@type\":\"PropertyValueSpecification\",\"valueRequired\":true,\"valueName\":\"search_term_string\"}}],\"inLanguage\":\"sv-SE\"},{\"@type\":[\"Organization\",\"Place\"],\"@id\":\"https:\/\/euvapen.com\/#organization\",\"name\":\"bestpuffvape\",\"alternateName\":\"bestpuffvape\",\"url\":\"https:\/\/euvapen.com\/\",\"logo\":{\"@id\":\"https:\/\/euvapen.com\/product\/puff-80k-bang-de-80000-puffs-disposable-vape-3-adjustable-flavors\/#local-main-organization-logo\"},\"image\":{\"@id\":\"https:\/\/euvapen.com\/product\/puff-80k-bang-de-80000-puffs-disposable-vape-3-adjustable-flavors\/#local-main-organization-logo\"},\"telephone\":[],\"openingHoursSpecification\":[{\"@type\":\"OpeningHoursSpecification\",\"dayOfWeek\":[\"Monday\",\"Tuesday\",\"Wednesday\",\"Thursday\",\"Friday\",\"Saturday\",\"Sunday\"],\"opens\":\"00:00\",\"closes\":\"23:59\"}]},{\"@type\":\"ImageObject\",\"inLanguage\":\"sv-SE\",\"@id\":\"https:\/\/euvapen.com\/product\/puff-80k-bang-de-80000-puffs-disposable-vape-3-adjustable-flavors\/#local-main-organization-logo\",\"url\":\"https:\/\/euvapen.com\/wp-content\/uploads\/2025\/10\/cropped-puffvape-logo.png\",\"contentUrl\":\"https:\/\/euvapen.com\/wp-content\/uploads\/2025\/10\/cropped-puffvape-logo.png\",\"width\":512,\"height\":512,\"caption\":\"bestpuffvape\"}]}<\/script>\n<meta property=\"og:availability\" content=\"instock\" \/>\n<meta property=\"product:availability\" content=\"instock\" \/>\n<meta property=\"product:retailer_item_id\" content=\"Bang-DE-80k\" \/>\n<meta property=\"product:condition\" content=\"new\" \/>\n<!-- \/ Yoast SEO Premium plugin. -->","yoast_head_json":{"title":"Bang DE 80000 | Puff 80k Triple-Flavor Disposable | 80k Vape - EuVapen","description":"Utforska Bang DE 80000, en ultral\u00e5ng vape med 80k puffar, 3 justerbara smaker, triple-mesh coil, 60mL kapacitet, LCD-display och snabbladdning av typ C. En toppklassig Vape 80000 Puffs-enhet f\u00f6r maximal livsl\u00e4ngd och smakkontroll.","robots":{"index":"index","follow":"follow","max-snippet":"max-snippet:-1","max-image-preview":"max-image-preview:large","max-video-preview":"max-video-preview:-1"},"canonical":"https:\/\/euvapen.com\/sv\/product\/puff-80k-bang-de-80000-puffs-disposable-vape-3-adjustable-flavors\/","og_locale":"sv_SE","og_type":"article","og_title":"Puff 80k Bang DE 80000 Puffs Disposable Vape 3 Adjustable Flavors","og_description":"Explore the Bang DE 80000, an ultra-long 80k puff vape with 3 adjustable flavors, triple-mesh coil, 60mL capacity, LCD display, and Type-C fast charging. A top-tier Vape 80000 Puffs device for maximum lifespan and flavor control.","og_url":"https:\/\/euvapen.com\/sv\/product\/puff-80k-bang-de-80000-puffs-disposable-vape-3-adjustable-flavors\/","og_site_name":"EuVapen","article_modified_time":"2025-11-22T08:58:50+00:00","og_image":[{"width":1000,"height":1000,"url":"https:\/\/euvapen.com\/wp-content\/uploads\/2025\/11\/Puff-80k-Bang-DE-80000-Puffs-Disposable-Vape-3-Adjustable-Flavors-blueberry-watermelon-kiwi-passion-fruit-guava-watermelon-bubble-gum-1.jpg.webp","type":"image\/webp"}],"twitter_card":"summary_large_image","twitter_misc":{"Tillg\u00e4nglig":"I lager"},"schema":{"@context":"https:\/\/schema.org","@graph":[{"@type":"WebPage","@id":"https:\/\/euvapen.com\/product\/puff-80k-bang-de-80000-puffs-disposable-vape-3-adjustable-flavors\/","url":"https:\/\/euvapen.com\/product\/puff-80k-bang-de-80000-puffs-disposable-vape-3-adjustable-flavors\/","name":"Bang DE 80000 | Puff 80k Triple-Flavor Disposable | 80k Vape - EuVapen","isPartOf":{"@id":"https:\/\/euvapen.com\/#website"},"primaryImageOfPage":{"@id":"https:\/\/euvapen.com\/product\/puff-80k-bang-de-80000-puffs-disposable-vape-3-adjustable-flavors\/#primaryimage"},"image":{"@id":"https:\/\/euvapen.com\/product\/puff-80k-bang-de-80000-puffs-disposable-vape-3-adjustable-flavors\/#primaryimage"},"thumbnailUrl":"https:\/\/euvapen.com\/wp-content\/uploads\/2025\/11\/Puff-80k-Bang-DE-80000-Puffs-Disposable-Vape-3-Adjustable-Flavors-blueberry-watermelon-kiwi-passion-fruit-guava-watermelon-bubble-gum-1.jpg.webp","datePublished":"2025-11-22T08:58:48+00:00","dateModified":"2025-11-22T08:58:50+00:00","description":"Utforska Bang DE 80000, en ultral\u00e5ng vape med 80k puffar, 3 justerbara smaker, triple-mesh coil, 60mL kapacitet, LCD-display och snabbladdning av typ C. En toppklassig Vape 80000 Puffs-enhet f\u00f6r maximal livsl\u00e4ngd och smakkontroll.","breadcrumb":{"@id":"https:\/\/euvapen.com\/product\/puff-80k-bang-de-80000-puffs-disposable-vape-3-adjustable-flavors\/#breadcrumb"},"inLanguage":"sv-SE","potentialAction":[{"@type":"ReadAction","target":["https:\/\/euvapen.com\/product\/puff-80k-bang-de-80000-puffs-disposable-vape-3-adjustable-flavors\/"]}]},{"@type":"ImageObject","inLanguage":"sv-SE","@id":"https:\/\/euvapen.com\/product\/puff-80k-bang-de-80000-puffs-disposable-vape-3-adjustable-flavors\/#primaryimage","url":"https:\/\/euvapen.com\/wp-content\/uploads\/2025\/11\/Puff-80k-Bang-DE-80000-Puffs-Disposable-Vape-3-Adjustable-Flavors-blueberry-watermelon-kiwi-passion-fruit-guava-watermelon-bubble-gum-1.jpg.webp","contentUrl":"https:\/\/euvapen.com\/wp-content\/uploads\/2025\/11\/Puff-80k-Bang-DE-80000-Puffs-Disposable-Vape-3-Adjustable-Flavors-blueberry-watermelon-kiwi-passion-fruit-guava-watermelon-bubble-gum-1.jpg.webp","width":1000,"height":1000,"caption":"Puff 80k Bang DE 80000 Puffs Disposable Vape 3 Adjustable Flavors-blueberry-watermelon-kiwi-passion-fruit-guava-watermelon-bubble-gum-1.jpg"},{"@type":"BreadcrumbList","@id":"https:\/\/euvapen.com\/product\/puff-80k-bang-de-80000-puffs-disposable-vape-3-adjustable-flavors\/#breadcrumb","itemListElement":[{"@type":"ListItem","position":1,"name":"Home","item":"https:\/\/euvapen.com\/"},{"@type":"ListItem","position":2,"name":"Shop","item":"https:\/\/euvapen.com\/shop\/"},{"@type":"ListItem","position":3,"name":"Puff 80k Bang DE 80000 Puffs Disposable Vape 3 Adjustable Flavors"}]},{"@type":"WebSite","@id":"https:\/\/euvapen.com\/#website","url":"https:\/\/euvapen.com\/","name":"b\u00e4stapuffvape","description":"","publisher":{"@id":"https:\/\/euvapen.com\/#organization"},"potentialAction":[{"@type":"SearchAction","target":{"@type":"EntryPoint","urlTemplate":"https:\/\/euvapen.com\/?s={search_term_string}"},"query-input":{"@type":"PropertyValueSpecification","valueRequired":true,"valueName":"search_term_string"}}],"inLanguage":"sv-SE"},{"@type":["Organization","Place"],"@id":"https:\/\/euvapen.com\/#organization","name":"b\u00e4stapuffvape","alternateName":"bestpuffvape","url":"https:\/\/euvapen.com\/","logo":{"@id":"https:\/\/euvapen.com\/product\/puff-80k-bang-de-80000-puffs-disposable-vape-3-adjustable-flavors\/#local-main-organization-logo"},"image":{"@id":"https:\/\/euvapen.com\/product\/puff-80k-bang-de-80000-puffs-disposable-vape-3-adjustable-flavors\/#local-main-organization-logo"},"telephone":[],"openingHoursSpecification":[{"@type":"OpeningHoursSpecification","dayOfWeek":["Monday","Tuesday","Wednesday","Thursday","Friday","Saturday","Sunday"],"opens":"00:00","closes":"23:59"}]},{"@type":"ImageObject","inLanguage":"sv-SE","@id":"https:\/\/euvapen.com\/product\/puff-80k-bang-de-80000-puffs-disposable-vape-3-adjustable-flavors\/#local-main-organization-logo","url":"https:\/\/euvapen.com\/wp-content\/uploads\/2025\/10\/cropped-puffvape-logo.png","contentUrl":"https:\/\/euvapen.com\/wp-content\/uploads\/2025\/10\/cropped-puffvape-logo.png","width":512,"height":512,"caption":"bestpuffvape"}]},"og_availability":"instock","product_availability":"instock","product_retailer_item_id":"Bang-DE-80k","product_condition":"new"},"brands":[{"id":166,"name":"Pang","slug":"bang"}],"tiered_pricing_type":"fixed","tiered_pricing_fixed_rules":{"30":"13","50":"12","100":"11.5","200":"11"},"tiered_pricing_product_settings":{"layout":"default","base_unit_name":{"singular":null,"plural":null},"default_variation":{}},"tiered_pricing_minimum_quantity":null,"tiered_pricing_roles_data":[],"tiered_pricing_percentage_rules":[],"tiered_pricing_maximum_quantity":null,"tiered_pricing_quantity_step":null,"_links":{"self":[{"href":"https:\/\/euvapen.com\/sv\/wp-json\/wp\/v2\/product\/22513","targetHints":{"allow":["GET"]}}],"collection":[{"href":"https:\/\/euvapen.com\/sv\/wp-json\/wp\/v2\/product"}],"about":[{"href":"https:\/\/euvapen.com\/sv\/wp-json\/wp\/v2\/types\/product"}],"replies":[{"embeddable":true,"href":"https:\/\/euvapen.com\/sv\/wp-json\/wp\/v2\/comments?post=22513"}],"wp:featuredmedia":[{"embeddable":true,"href":"https:\/\/euvapen.com\/sv\/wp-json\/wp\/v2\/media\/22532"}],"wp:attachment":[{"href":"https:\/\/euvapen.com\/sv\/wp-json\/wp\/v2\/media?parent=22513"}],"wp:term":[{"taxonomy":"pwb-brand","embeddable":true,"href":"https:\/\/euvapen.com\/sv\/wp-json\/wp\/v2\/pwb-brand?post=22513"},{"taxonomy":"product_brand","embeddable":true,"href":"https:\/\/euvapen.com\/sv\/wp-json\/wp\/v2\/product_brand?post=22513"},{"taxonomy":"product_cat","embeddable":true,"href":"https:\/\/euvapen.com\/sv\/wp-json\/wp\/v2\/product_cat?post=22513"},{"taxonomy":"product_tag","embeddable":true,"href":"https:\/\/euvapen.com\/sv\/wp-json\/wp\/v2\/product_tag?post=22513"}],"curies":[{"name":"wp","href":"https:\/\/api.w.org\/{rel}","templated":true}]}}