{"id":23120,"date":"2025-11-27T10:17:36","date_gmt":"2025-11-27T10:17:36","guid":{"rendered":"https:\/\/euvapen.com\/?post_type=product&#038;p=23120"},"modified":"2026-02-04T09:22:11","modified_gmt":"2026-02-04T09:22:11","slug":"fumot-40k-fumot-leopard-40000-puffs-disposable-vape-digital-tube-oil","status":"publish","type":"product","link":"https:\/\/euvapen.com\/sv\/product\/fumot-40k-fumot-leopard-40000-puffs-disposable-vape-digital-tube-oil\/","title":{"rendered":"Fumot 40K Fumot Leopard 40000 Puffs Eng\u00e5ngs Vape Digital Tube Olja"},"content":{"rendered":"<h1 style=\"text-align: center;\">Fumot 40K Fumot Leopard 40000 Puffar Eng\u00e5ngs Vape<\/h1>\n<p data-start=\"228\" data-end=\"583\">Den <strong data-start=\"232\" data-end=\"255\">Fumot Leopard 40000<\/strong> \u00e4r en h\u00f6gpresterande <strong data-start=\"278\" data-end=\"301\">40K puff disponibel<\/strong> utformad f\u00f6r anv\u00e4ndare som vill ha l\u00e5ngvarig kraft, j\u00e4mn smakleverans och moderna visuella effekter. Med <strong data-start=\"406\" data-end=\"435\">spolteknik med dubbla n\u00e4t<\/strong>, a <strong data-start=\"439\" data-end=\"470\">uppladdningsbart 750mAh batteri<\/strong>, och upp till <strong data-start=\"482\" data-end=\"498\">40.000 puffar<\/strong>, den h\u00e4r enheten sticker ut som en av de mest avancerade produkterna i fumot vape-linjen.<\/p>\n<p data-start=\"585\" data-end=\"837\">Dess signatur <strong data-start=\"599\" data-end=\"629\">RGB-dynamiskt roterande ljus<\/strong> och <strong data-start=\"634\" data-end=\"670\">digitalt r\u00f6r olje- och effektdisplay<\/strong> f\u00f6rb\u00e4ttra synlighet och stil. Med st\u00f6d av <strong data-start=\"714\" data-end=\"738\">Typ-C snabbladdning<\/strong>, den <strong data-start=\"744\" data-end=\"757\">fumot 40k<\/strong> s\u00e4kerst\u00e4ller stabil \u00e5nga och j\u00e4mn smak i alla 16 premiumblandningar.<\/p>\n<p data-start=\"839\" data-end=\"972\">Ett starkt val f\u00f6r \u00e5terf\u00f6rs\u00e4ljare och distribut\u00f6rer, den <strong data-start=\"891\" data-end=\"914\">Fumot Leopard 40000<\/strong> kombinerar futuristisk design med l\u00e5ngvarig prestanda.<\/p>\n<hr data-start=\"974\" data-end=\"977\" \/>\n<h2 data-start=\"979\" data-end=\"998\"><strong data-start=\"982\" data-end=\"998\">Viktiga funktioner<\/strong><\/h2>\n<ul>\n<li data-start=\"1001\" data-end=\"1064\"><strong data-start=\"1001\" data-end=\"1019\">Puffkapacitet:<\/strong> Upp till <strong data-start=\"1026\" data-end=\"1042\">40.000 puffar<\/strong> (fumot 40000 puffar)<\/li>\n<li data-start=\"1067\" data-end=\"1099\"><strong data-start=\"1067\" data-end=\"1089\">Nikotinstyrka:<\/strong> 2% \/ 5%<\/li>\n<li data-start=\"1102\" data-end=\"1136\"><strong data-start=\"1102\" data-end=\"1114\">Batteri:<\/strong> 750mAh uppladdningsbar<\/li>\n<li data-start=\"1139\" data-end=\"1195\"><strong data-start=\"1139\" data-end=\"1148\">Spole:<\/strong> Dual Mesh Coil f\u00f6r f\u00f6rb\u00e4ttrad smak och \u00e5nga<\/li>\n<li data-start=\"1198\" data-end=\"1234\"><strong data-start=\"1198\" data-end=\"1211\">Laddning:<\/strong> Typ-C snabbladdning<\/li>\n<li data-start=\"1237\" data-end=\"1286\"><strong data-start=\"1237\" data-end=\"1250\">Belysning:<\/strong> RGB dynamisk roterande belysning<\/li>\n<li data-start=\"1289\" data-end=\"1336\"><strong data-start=\"1289\" data-end=\"1301\">Display:<\/strong> Digital visning av olja och effekt i r\u00f6r<\/li>\n<li data-start=\"1339\" data-end=\"1371\"><strong data-start=\"1339\" data-end=\"1353\">F\u00f6rpackning:<\/strong> 10 st per f\u00f6rpackning<\/li>\n<li data-start=\"1374\" data-end=\"1414\"><strong data-start=\"1374\" data-end=\"1386\">Smak\u00e4mnen:<\/strong> 16 popul\u00e4ra smakalternativ<\/li>\n<li data-start=\"1417\" data-end=\"1480\"><strong data-start=\"1417\" data-end=\"1430\">Kategori:<\/strong> H\u00f6g kapacitet fumot vape \/ fumot 40k eng\u00e5ngsbruk<\/li>\n<\/ul>\n<hr data-start=\"1482\" data-end=\"1485\" \/>\n<h2 data-start=\"1487\" data-end=\"1518\"><strong data-start=\"1490\" data-end=\"1518\">Smaklista (16 alternativ)<\/strong><\/h2>\n<p data-start=\"1519\" data-end=\"1829\">1. blandade b\u00e4r<br data-start=\"1532\" data-end=\"1535\" \/>2. bl\u00e5b\u00e4r hallon<br data-start=\"1554\" data-end=\"1557\" \/>3. jordgubb vattenmelon<br data-start=\"1578\" data-end=\"1581\" \/>4. jordgubbsis<br data-start=\"1595\" data-end=\"1598\" \/>5. K\u00f6rsb\u00e4rsis<br data-start=\"1608\" data-end=\"1611\" \/>6. vattenmelon-is<br data-start=\"1625\" data-end=\"1628\" \/>7. kiwi passionsfrukt guava<br data-start=\"1652\" data-end=\"1655\" \/>8.Dr Bl\u00e5<br data-start=\"1662\" data-end=\"1665\" \/>9. bl\u00e5b\u00e4r p\u00e5 is<br data-start=\"1681\" data-end=\"1684\" \/>10. persika b\u00e4r<br data-start=\"1695\" data-end=\"1698\" \/>11. rosa lemonad<br data-start=\"1711\" data-end=\"1714\" \/>12. jordgubbsbanan<br data-start=\"1731\" data-end=\"1734\" \/>13.Vattenmelon Bubblegum<br data-start=\"1754\" data-end=\"1757\" \/>14.Peachy Mango Ananas<br data-start=\"1779\" data-end=\"1782\" \/>15.Black Dragon Ice<br data-start=\"1798\" data-end=\"1801\" \/>16.Bl\u00e5b\u00e4r K\u00f6rsb\u00e4r Tranb\u00e4r<\/p>\n<hr data-start=\"1831\" data-end=\"1834\" \/>\n<h2 data-start=\"1836\" data-end=\"1874\"><strong data-start=\"1839\" data-end=\"1874\">Varf\u00f6r v\u00e4lja Fumot Leopard 40000?<\/strong><\/h2>\n<ul>\n<li data-start=\"1877\" data-end=\"1927\">Sant <strong data-start=\"1882\" data-end=\"1894\">40K puff<\/strong> prestanda f\u00f6r l\u00e5ngvarig anv\u00e4ndning<\/li>\n<li data-start=\"1930\" data-end=\"1987\">Smart digital display visar e-juice- och batteriniv\u00e5er<\/li>\n<li data-start=\"1990\" data-end=\"2037\">RGB-belysning skapar en sl\u00e5ende visuell effekt<\/li>\n<li data-start=\"2040\" data-end=\"2098\">Spole med dubbla n\u00e4t ger rikare smak och j\u00e4mnare \u00e5nga<\/li>\n<li data-start=\"2101\" data-end=\"2139\">Kompakt, t\u00e5lig och uppladdningsbar<\/li>\n<li data-start=\"2142\" data-end=\"2189\">En kraftig uppgradering av <strong data-start=\"2166\" data-end=\"2180\">fumot vape<\/strong> uppst\u00e4llning<\/li>\n<li data-start=\"2192\" data-end=\"2237\">Idealisk f\u00f6r partihandel och marknader med h\u00f6g efterfr\u00e5gan<\/li>\n<\/ul>","protected":false},"excerpt":{"rendered":"<p data-start=\"2289\" data-end=\"2523\">Fumot Leopard 40000 levererar upp till <strong data-start=\"2332\" data-end=\"2345\">40K puffar<\/strong> med dubbla mesh-spiraler, ett 750 mAh uppladdningsbart batteri, RGB-roterande ljus och en digital olje- och effektdisplay. Finns i 16 olika smaker.<\/p>","protected":false},"featured_media":23123,"comment_status":"open","ping_status":"closed","template":"","meta":{"_acf_changed":false},"pwb-brand":[3187],"product_brand":[],"product_cat":[2784,57,89,84,93,95],"product_tag":[70],"class_list":{"0":"post-23120","1":"product","2":"type-product","3":"status-publish","4":"has-post-thumbnail","6":"pwb-brand-fumot","7":"product_cat-tornado-vape","8":"product_cat-disposable-vape","9":"product_cat-double-tank","10":"product_cat-eu-warehouse-in-stock","11":"product_cat-rechargeable-vapes","12":"product_cat-vape-with-screen","13":"product_tag-puff-40k","15":"first","16":"instock","17":"shipping-taxable","18":"purchasable","19":"product-type-variable"},"acf":[],"yoast_head":"<!-- This site is optimized with the Yoast SEO Premium plugin v26.3 (Yoast SEO v26.3) - https:\/\/yoast.com\/wordpress\/plugins\/seo\/ -->\n<title>Fumot Leopard 40000 | 40K Puffs Disposable Vape | Fumot 40K - EuVapen<\/title>\n<meta name=\"description\" content=\"Discover the Fumot Leopard 40000, a premium 40K puff disposable vape with dual mesh coil, 750mAh rechargeable battery, RGB dynamic lighting, and a digital oil &amp; power display. Available in 16 flavors.\" \/>\n<meta name=\"robots\" content=\"index, follow, max-snippet:-1, max-image-preview:large, max-video-preview:-1\" \/>\n<link rel=\"canonical\" href=\"https:\/\/euvapen.com\/sv\/product\/fumot-40k-fumot-leopard-40000-puffs-disposable-vape-digital-tube-oil\/\" \/>\n<meta property=\"og:locale\" content=\"sv_SE\" \/>\n<meta property=\"og:type\" content=\"article\" \/>\n<meta property=\"og:title\" content=\"Fumot 40K Fumot Leopard 40000 Puffs Disposable Vape Digital Tube Oil\" \/>\n<meta property=\"og:description\" content=\"Discover the Fumot Leopard 40000, a premium 40K puff disposable vape with dual mesh coil, 750mAh rechargeable battery, RGB dynamic lighting, and a digital oil &amp; power display. Available in 16 flavors.\" \/>\n<meta property=\"og:url\" content=\"https:\/\/euvapen.com\/sv\/product\/fumot-40k-fumot-leopard-40000-puffs-disposable-vape-digital-tube-oil\/\" \/>\n<meta property=\"og:site_name\" content=\"EuVapen\" \/>\n<meta property=\"article:modified_time\" content=\"2026-02-04T09:22:11+00:00\" \/>\n<meta property=\"og:image\" content=\"https:\/\/euvapen.com\/wp-content\/uploads\/2025\/11\/Fumot-40K-Fumot-Leopard-40000-Puffs-Disposable-Vape-Digital-Tube-Oil-black-dragon-lce.jpg.webp\" \/>\n\t<meta property=\"og:image:width\" content=\"1000\" \/>\n\t<meta property=\"og:image:height\" content=\"1000\" \/>\n\t<meta property=\"og:image:type\" content=\"image\/webp\" \/>\n<meta name=\"twitter:card\" content=\"summary_large_image\" \/>\n<meta name=\"twitter:label1\" content=\"Tillg\u00e4nglig\" \/>\n\t<meta name=\"twitter:data1\" content=\"I lager\" \/>\n<script type=\"application\/ld+json\" class=\"yoast-schema-graph\">{\"@context\":\"https:\/\/schema.org\",\"@graph\":[{\"@type\":\"WebPage\",\"@id\":\"https:\/\/euvapen.com\/product\/fumot-40k-fumot-leopard-40000-puffs-disposable-vape-digital-tube-oil\/\",\"url\":\"https:\/\/euvapen.com\/product\/fumot-40k-fumot-leopard-40000-puffs-disposable-vape-digital-tube-oil\/\",\"name\":\"Fumot Leopard 40000 | 40K Puffs Disposable Vape | Fumot 40K - EuVapen\",\"isPartOf\":{\"@id\":\"https:\/\/euvapen.com\/#website\"},\"primaryImageOfPage\":{\"@id\":\"https:\/\/euvapen.com\/product\/fumot-40k-fumot-leopard-40000-puffs-disposable-vape-digital-tube-oil\/#primaryimage\"},\"image\":{\"@id\":\"https:\/\/euvapen.com\/product\/fumot-40k-fumot-leopard-40000-puffs-disposable-vape-digital-tube-oil\/#primaryimage\"},\"thumbnailUrl\":\"https:\/\/euvapen.com\/wp-content\/uploads\/2025\/11\/Fumot-40K-Fumot-Leopard-40000-Puffs-Disposable-Vape-Digital-Tube-Oil-black-dragon-lce.jpg.webp\",\"datePublished\":\"2025-11-27T10:17:36+00:00\",\"dateModified\":\"2026-02-04T09:22:11+00:00\",\"description\":\"Discover the Fumot Leopard 40000, a premium 40K puff disposable vape with dual mesh coil, 750mAh rechargeable battery, RGB dynamic lighting, and a digital oil & power display. Available in 16 flavors.\",\"breadcrumb\":{\"@id\":\"https:\/\/euvapen.com\/product\/fumot-40k-fumot-leopard-40000-puffs-disposable-vape-digital-tube-oil\/#breadcrumb\"},\"inLanguage\":\"sv-SE\",\"potentialAction\":[{\"@type\":\"ReadAction\",\"target\":[\"https:\/\/euvapen.com\/product\/fumot-40k-fumot-leopard-40000-puffs-disposable-vape-digital-tube-oil\/\"]}]},{\"@type\":\"ImageObject\",\"inLanguage\":\"sv-SE\",\"@id\":\"https:\/\/euvapen.com\/product\/fumot-40k-fumot-leopard-40000-puffs-disposable-vape-digital-tube-oil\/#primaryimage\",\"url\":\"https:\/\/euvapen.com\/wp-content\/uploads\/2025\/11\/Fumot-40K-Fumot-Leopard-40000-Puffs-Disposable-Vape-Digital-Tube-Oil-black-dragon-lce.jpg.webp\",\"contentUrl\":\"https:\/\/euvapen.com\/wp-content\/uploads\/2025\/11\/Fumot-40K-Fumot-Leopard-40000-Puffs-Disposable-Vape-Digital-Tube-Oil-black-dragon-lce.jpg.webp\",\"width\":1000,\"height\":1000,\"caption\":\"Fumot 40K Fumot Leopard 40000 Puffs Disposable Vape Digital Tube Oil black-dragon-lce.jpg\"},{\"@type\":\"BreadcrumbList\",\"@id\":\"https:\/\/euvapen.com\/product\/fumot-40k-fumot-leopard-40000-puffs-disposable-vape-digital-tube-oil\/#breadcrumb\",\"itemListElement\":[{\"@type\":\"ListItem\",\"position\":1,\"name\":\"Home\",\"item\":\"https:\/\/euvapen.com\/\"},{\"@type\":\"ListItem\",\"position\":2,\"name\":\"Shop\",\"item\":\"https:\/\/euvapen.com\/shop\/\"},{\"@type\":\"ListItem\",\"position\":3,\"name\":\"Fumot 40K Fumot Leopard 40000 Puffs Disposable Vape Digital Tube Oil\"}]},{\"@type\":\"WebSite\",\"@id\":\"https:\/\/euvapen.com\/#website\",\"url\":\"https:\/\/euvapen.com\/\",\"name\":\"bestpuffvape\",\"description\":\"\",\"publisher\":{\"@id\":\"https:\/\/euvapen.com\/#organization\"},\"potentialAction\":[{\"@type\":\"SearchAction\",\"target\":{\"@type\":\"EntryPoint\",\"urlTemplate\":\"https:\/\/euvapen.com\/?s={search_term_string}\"},\"query-input\":{\"@type\":\"PropertyValueSpecification\",\"valueRequired\":true,\"valueName\":\"search_term_string\"}}],\"inLanguage\":\"sv-SE\"},{\"@type\":[\"Organization\",\"Place\"],\"@id\":\"https:\/\/euvapen.com\/#organization\",\"name\":\"bestpuffvape\",\"alternateName\":\"bestpuffvape\",\"url\":\"https:\/\/euvapen.com\/\",\"logo\":{\"@id\":\"https:\/\/euvapen.com\/product\/fumot-40k-fumot-leopard-40000-puffs-disposable-vape-digital-tube-oil\/#local-main-organization-logo\"},\"image\":{\"@id\":\"https:\/\/euvapen.com\/product\/fumot-40k-fumot-leopard-40000-puffs-disposable-vape-digital-tube-oil\/#local-main-organization-logo\"},\"telephone\":[],\"openingHoursSpecification\":[{\"@type\":\"OpeningHoursSpecification\",\"dayOfWeek\":[\"Monday\",\"Tuesday\",\"Wednesday\",\"Thursday\",\"Friday\",\"Saturday\",\"Sunday\"],\"opens\":\"00:00\",\"closes\":\"23:59\"}]},{\"@type\":\"ImageObject\",\"inLanguage\":\"sv-SE\",\"@id\":\"https:\/\/euvapen.com\/product\/fumot-40k-fumot-leopard-40000-puffs-disposable-vape-digital-tube-oil\/#local-main-organization-logo\",\"url\":\"https:\/\/euvapen.com\/wp-content\/uploads\/2025\/10\/cropped-puffvape-logo.png\",\"contentUrl\":\"https:\/\/euvapen.com\/wp-content\/uploads\/2025\/10\/cropped-puffvape-logo.png\",\"width\":512,\"height\":512,\"caption\":\"bestpuffvape\"}]}<\/script>\n<meta property=\"og:availability\" content=\"instock\" \/>\n<meta property=\"product:availability\" content=\"instock\" \/>\n<meta property=\"product:retailer_item_id\" content=\"Fumot-40K\" \/>\n<meta property=\"product:condition\" content=\"new\" \/>\n<!-- \/ Yoast SEO Premium plugin. -->","yoast_head_json":{"title":"Fumot Leopard 40000 | 40K Puffs Disposable Vape | Fumot 40K - EuVapen","description":"Uppt\u00e4ck Fumot Leopard 40000, en premium 40K puff eng\u00e5ngsvape med dubbel mesh-spole, 750mAh uppladdningsbart batteri, RGB dynamisk belysning och en digital olje- och str\u00f6mdisplay. Finns i 16 olika smaker.","robots":{"index":"index","follow":"follow","max-snippet":"max-snippet:-1","max-image-preview":"max-image-preview:large","max-video-preview":"max-video-preview:-1"},"canonical":"https:\/\/euvapen.com\/sv\/product\/fumot-40k-fumot-leopard-40000-puffs-disposable-vape-digital-tube-oil\/","og_locale":"sv_SE","og_type":"article","og_title":"Fumot 40K Fumot Leopard 40000 Puffs Disposable Vape Digital Tube Oil","og_description":"Discover the Fumot Leopard 40000, a premium 40K puff disposable vape with dual mesh coil, 750mAh rechargeable battery, RGB dynamic lighting, and a digital oil & power display. Available in 16 flavors.","og_url":"https:\/\/euvapen.com\/sv\/product\/fumot-40k-fumot-leopard-40000-puffs-disposable-vape-digital-tube-oil\/","og_site_name":"EuVapen","article_modified_time":"2026-02-04T09:22:11+00:00","og_image":[{"width":1000,"height":1000,"url":"https:\/\/euvapen.com\/wp-content\/uploads\/2025\/11\/Fumot-40K-Fumot-Leopard-40000-Puffs-Disposable-Vape-Digital-Tube-Oil-black-dragon-lce.jpg.webp","type":"image\/webp"}],"twitter_card":"summary_large_image","twitter_misc":{"Tillg\u00e4nglig":"I lager"},"schema":{"@context":"https:\/\/schema.org","@graph":[{"@type":"WebPage","@id":"https:\/\/euvapen.com\/product\/fumot-40k-fumot-leopard-40000-puffs-disposable-vape-digital-tube-oil\/","url":"https:\/\/euvapen.com\/product\/fumot-40k-fumot-leopard-40000-puffs-disposable-vape-digital-tube-oil\/","name":"Fumot Leopard 40000 | 40K Puffs Disposable Vape | Fumot 40K - EuVapen","isPartOf":{"@id":"https:\/\/euvapen.com\/#website"},"primaryImageOfPage":{"@id":"https:\/\/euvapen.com\/product\/fumot-40k-fumot-leopard-40000-puffs-disposable-vape-digital-tube-oil\/#primaryimage"},"image":{"@id":"https:\/\/euvapen.com\/product\/fumot-40k-fumot-leopard-40000-puffs-disposable-vape-digital-tube-oil\/#primaryimage"},"thumbnailUrl":"https:\/\/euvapen.com\/wp-content\/uploads\/2025\/11\/Fumot-40K-Fumot-Leopard-40000-Puffs-Disposable-Vape-Digital-Tube-Oil-black-dragon-lce.jpg.webp","datePublished":"2025-11-27T10:17:36+00:00","dateModified":"2026-02-04T09:22:11+00:00","description":"Uppt\u00e4ck Fumot Leopard 40000, en premium 40K puff eng\u00e5ngsvape med dubbel mesh-spole, 750mAh uppladdningsbart batteri, RGB dynamisk belysning och en digital olje- och str\u00f6mdisplay. Finns i 16 olika smaker.","breadcrumb":{"@id":"https:\/\/euvapen.com\/product\/fumot-40k-fumot-leopard-40000-puffs-disposable-vape-digital-tube-oil\/#breadcrumb"},"inLanguage":"sv-SE","potentialAction":[{"@type":"ReadAction","target":["https:\/\/euvapen.com\/product\/fumot-40k-fumot-leopard-40000-puffs-disposable-vape-digital-tube-oil\/"]}]},{"@type":"ImageObject","inLanguage":"sv-SE","@id":"https:\/\/euvapen.com\/product\/fumot-40k-fumot-leopard-40000-puffs-disposable-vape-digital-tube-oil\/#primaryimage","url":"https:\/\/euvapen.com\/wp-content\/uploads\/2025\/11\/Fumot-40K-Fumot-Leopard-40000-Puffs-Disposable-Vape-Digital-Tube-Oil-black-dragon-lce.jpg.webp","contentUrl":"https:\/\/euvapen.com\/wp-content\/uploads\/2025\/11\/Fumot-40K-Fumot-Leopard-40000-Puffs-Disposable-Vape-Digital-Tube-Oil-black-dragon-lce.jpg.webp","width":1000,"height":1000,"caption":"Fumot 40K Fumot Leopard 40000 Puffs Disposable Vape Digital Tube Oil black-dragon-lce.jpg"},{"@type":"BreadcrumbList","@id":"https:\/\/euvapen.com\/product\/fumot-40k-fumot-leopard-40000-puffs-disposable-vape-digital-tube-oil\/#breadcrumb","itemListElement":[{"@type":"ListItem","position":1,"name":"Home","item":"https:\/\/euvapen.com\/"},{"@type":"ListItem","position":2,"name":"Shop","item":"https:\/\/euvapen.com\/shop\/"},{"@type":"ListItem","position":3,"name":"Fumot 40K Fumot Leopard 40000 Puffs Disposable Vape Digital Tube Oil"}]},{"@type":"WebSite","@id":"https:\/\/euvapen.com\/#website","url":"https:\/\/euvapen.com\/","name":"b\u00e4stapuffvape","description":"","publisher":{"@id":"https:\/\/euvapen.com\/#organization"},"potentialAction":[{"@type":"SearchAction","target":{"@type":"EntryPoint","urlTemplate":"https:\/\/euvapen.com\/?s={search_term_string}"},"query-input":{"@type":"PropertyValueSpecification","valueRequired":true,"valueName":"search_term_string"}}],"inLanguage":"sv-SE"},{"@type":["Organization","Place"],"@id":"https:\/\/euvapen.com\/#organization","name":"b\u00e4stapuffvape","alternateName":"bestpuffvape","url":"https:\/\/euvapen.com\/","logo":{"@id":"https:\/\/euvapen.com\/product\/fumot-40k-fumot-leopard-40000-puffs-disposable-vape-digital-tube-oil\/#local-main-organization-logo"},"image":{"@id":"https:\/\/euvapen.com\/product\/fumot-40k-fumot-leopard-40000-puffs-disposable-vape-digital-tube-oil\/#local-main-organization-logo"},"telephone":[],"openingHoursSpecification":[{"@type":"OpeningHoursSpecification","dayOfWeek":["Monday","Tuesday","Wednesday","Thursday","Friday","Saturday","Sunday"],"opens":"00:00","closes":"23:59"}]},{"@type":"ImageObject","inLanguage":"sv-SE","@id":"https:\/\/euvapen.com\/product\/fumot-40k-fumot-leopard-40000-puffs-disposable-vape-digital-tube-oil\/#local-main-organization-logo","url":"https:\/\/euvapen.com\/wp-content\/uploads\/2025\/10\/cropped-puffvape-logo.png","contentUrl":"https:\/\/euvapen.com\/wp-content\/uploads\/2025\/10\/cropped-puffvape-logo.png","width":512,"height":512,"caption":"bestpuffvape"}]},"og_availability":"instock","product_availability":"instock","product_retailer_item_id":"Fumot-40K","product_condition":"new"},"brands":[{"id":3187,"name":"Fumot","slug":"fumot"}],"tiered_pricing_type":"fixed","tiered_pricing_fixed_rules":{"30":"13","50":"12","100":"11","200":"10"},"tiered_pricing_product_settings":{"layout":"default","base_unit_name":{"singular":null,"plural":null},"default_variation":{}},"tiered_pricing_minimum_quantity":10,"tiered_pricing_roles_data":[],"tiered_pricing_percentage_rules":[],"tiered_pricing_maximum_quantity":null,"tiered_pricing_quantity_step":"10","_links":{"self":[{"href":"https:\/\/euvapen.com\/sv\/wp-json\/wp\/v2\/product\/23120","targetHints":{"allow":["GET"]}}],"collection":[{"href":"https:\/\/euvapen.com\/sv\/wp-json\/wp\/v2\/product"}],"about":[{"href":"https:\/\/euvapen.com\/sv\/wp-json\/wp\/v2\/types\/product"}],"replies":[{"embeddable":true,"href":"https:\/\/euvapen.com\/sv\/wp-json\/wp\/v2\/comments?post=23120"}],"wp:featuredmedia":[{"embeddable":true,"href":"https:\/\/euvapen.com\/sv\/wp-json\/wp\/v2\/media\/23123"}],"wp:attachment":[{"href":"https:\/\/euvapen.com\/sv\/wp-json\/wp\/v2\/media?parent=23120"}],"wp:term":[{"taxonomy":"pwb-brand","embeddable":true,"href":"https:\/\/euvapen.com\/sv\/wp-json\/wp\/v2\/pwb-brand?post=23120"},{"taxonomy":"product_brand","embeddable":true,"href":"https:\/\/euvapen.com\/sv\/wp-json\/wp\/v2\/product_brand?post=23120"},{"taxonomy":"product_cat","embeddable":true,"href":"https:\/\/euvapen.com\/sv\/wp-json\/wp\/v2\/product_cat?post=23120"},{"taxonomy":"product_tag","embeddable":true,"href":"https:\/\/euvapen.com\/sv\/wp-json\/wp\/v2\/product_tag?post=23120"}],"curies":[{"name":"wp","href":"https:\/\/api.w.org\/{rel}","templated":true}]}}