{"id":23122,"date":"2025-11-27T10:11:19","date_gmt":"2025-11-27T10:11:19","guid":{"rendered":"https:\/\/euvapen.com\/?post_type=product&#038;p=23122"},"modified":"2026-02-01T08:20:35","modified_gmt":"2026-02-01T08:20:35","slug":"fumot-15k-fumot-tornado-15000-puffs-disposable-vape","status":"publish","type":"product","link":"https:\/\/euvapen.com\/sv\/product\/fumot-15k-fumot-tornado-15000-puffs-disposable-vape\/","title":{"rendered":"Fumot 15k Fumot Tornado 15000 Puffs Eng\u00e5ngs Vape"},"content":{"rendered":"<h1 style=\"text-align: center;\">Fumot 15k Fumot Tornado 15000 Puffs Eng\u00e5ngs Vape<\/h1>\n<p data-start=\"287\" data-end=\"711\">Den <strong>Fumot Tornado 15000<\/strong>-\u00e4ven k\u00e4nd som <strong data-start=\"333\" data-end=\"348\">Fumot 15000<\/strong>-\u00e4r en h\u00f6gpresterande <strong data-start=\"371\" data-end=\"400\">fumot 15k eng\u00e5ngsvapen<\/strong> utformad f\u00f6r anv\u00e4ndare som vill ha massiv molnproduktion, l\u00e5ngvarig uth\u00e5llighet och ett av de bredaste smakbiblioteken i kategorin. Med <strong data-start=\"540\" data-end=\"557\">25 ml e-juice<\/strong>, en <strong data-start=\"562\" data-end=\"593\">850mAh uppladdningsbart batteri<\/strong>, och <strong data-start=\"599\" data-end=\"623\">teknik f\u00f6r n\u00e4tspole<\/strong>, ger den h\u00e4r enheten stabil smak och j\u00e4mn \u00e5nga genom alla <strong data-start=\"689\" data-end=\"710\">fumot 15000 puffar<\/strong>.<\/p>\n<hr data-start=\"713\" data-end=\"716\" \/>\n<h2 data-start=\"718\" data-end=\"739\">\u2b50 <strong data-start=\"723\" data-end=\"739\">Viktiga funktioner<\/strong><\/h2>\n<ul>\n<li data-start=\"742\" data-end=\"782\"><strong data-start=\"742\" data-end=\"757\">Antal puffar:<\/strong> Upp till <strong data-start=\"764\" data-end=\"780\">15.000 puffar<\/strong><\/li>\n<li data-start=\"785\" data-end=\"830\"><strong data-start=\"785\" data-end=\"806\">Nikotinalternativ:<\/strong> 2% \/ 5% nikotinsalt<\/li>\n<li data-start=\"833\" data-end=\"866\"><strong data-start=\"833\" data-end=\"855\">E-v\u00e4tska Kapacitet:<\/strong> <strong data-start=\"856\" data-end=\"864\">25 ml<\/strong><\/li>\n<li data-start=\"869\" data-end=\"921\"><strong data-start=\"869\" data-end=\"878\">Spole:<\/strong> Avancerad <strong data-start=\"888\" data-end=\"901\">N\u00e4tspole<\/strong> f\u00f6r rikare smak<\/li>\n<li data-start=\"924\" data-end=\"962\"><strong data-start=\"924\" data-end=\"936\">Batteri:<\/strong> <strong data-start=\"937\" data-end=\"960\">850mAh uppladdningsbar<\/strong><\/li>\n<li data-start=\"965\" data-end=\"1001\"><strong data-start=\"965\" data-end=\"978\">Laddning:<\/strong> Typ-C snabb laddning<\/li>\n<li data-start=\"1004\" data-end=\"1060\"><strong data-start=\"1004\" data-end=\"1020\">LED-display:<\/strong> Status f\u00f6r batteri och e-v\u00e4tska i realtid<\/li>\n<li data-start=\"1063\" data-end=\"1100\"><strong data-start=\"1063\" data-end=\"1075\">Smak\u00e4mnen:<\/strong> <strong data-start=\"1076\" data-end=\"1098\">47 f\u00f6rstklassiga smaker<\/strong><\/li>\n<li data-start=\"1103\" data-end=\"1137\"><strong data-start=\"1103\" data-end=\"1117\">F\u00f6rpackning:<\/strong> 10 st\/displayl\u00e5da<\/li>\n<\/ul>\n<p data-start=\"1265\" data-end=\"1381\">Ett perfekt alternativ f\u00f6r \u00e5terf\u00f6rs\u00e4ljare och l\u00e5ngtidsanv\u00e4ndare som vill ha l\u00e5ngvarig anv\u00e4ndning och exceptionell smakkonsistens.<\/p>\n<hr data-start=\"1383\" data-end=\"1386\" \/>\n<h2 data-start=\"1388\" data-end=\"1424\">fumot 15000 \ud83c\udf53 <strong data-start=\"1394\" data-end=\"1422\">Smaklista (59 alternativ)<\/strong><\/h2>\n<p>1.Blue Razz Lemonade<br \/>\n2. persika is<br \/>\n3. surt \u00e4pple<br \/>\n4. vattenmelon-is<br \/>\n5. bl\u00e5b\u00e4r p\u00e5 is<br \/>\n6. bl\u00e5b\u00e4r hallon<br \/>\n7. ananas-is<br \/>\n8.Cherry<br \/>\n9. Jordgubbsis<br \/>\n10. Vimto<br \/>\n11.Grape Ice<br \/>\n12. Cola is<br \/>\n13. jordgubb vattenmelon<br \/>\n14.Pink Lemonade<br \/>\n15.Blandade b\u00e4r<br \/>\n16.persika mango<br \/>\n17.drakfrukt<br \/>\n18.jordgubbe druva<br \/>\n19.Mr Blue<br \/>\n20.Lush Ice<br \/>\n21. isglass<br \/>\n22. jordgubbe kiwi<br \/>\n23.Kiwi Passionsfrukt Guava<br \/>\n24.Triple Berry<br \/>\n25.Bananis<br \/>\n26.Persika Bl\u00e5b\u00e4r Godis<br \/>\n27.\u00e4pple persika p\u00e4ron<br \/>\n28.Berry Lemonade<br \/>\n29.Blue Razz Cherry<br \/>\n30.bl\u00e5b\u00e4r Bubblegum<br \/>\n31.Bl\u00e5b\u00e4r K\u00f6rsb\u00e4r Tranb\u00e4r<br \/>\n32.Bl\u00e5b\u00e4r Granat\u00e4pple<br \/>\n33.Blue Sour Raspberry<br \/>\n34.Cherry Cola<br \/>\n35.Gummibj\u00f6rn<br \/>\n36.Citron &amp; Lime<br \/>\n37. Mango p\u00e5 is<br \/>\n38.Red Energy Ice<br \/>\n39. jordgubbe banan<br \/>\n40.Strawberry Red Bull<br \/>\n41.Jordgubbar Vattenmelon Lemonad<br \/>\n42.Ice Tea Lemon Ice<br \/>\n43.Ice Tea Peach Ice<br \/>\n44.Fizzy Cherry<br \/>\n45. k\u00e4glor<br \/>\n46.Cool Mint<br \/>\n47.Pina Colada<br \/>\n48. Huckleberry<br \/>\n49.Bl\u00e5b\u00e4r Persika Is<br \/>\n50Grape Lemon<br \/>\n51. Fanta<br \/>\n52.Fresh Menthol Mojito<br \/>\n53.Aloe Citronb\u00e4r<br \/>\n54.Green Apple Citrus Menthol<br \/>\n55.Gr\u00f6n druva Melon<br \/>\n56.Kaktus Kiwi<br \/>\n57.Cola Citron<br \/>\n58. Cactus Ice<br \/>\n59.Blue Razz Gummibj\u00f6rn<\/p>\n<hr data-start=\"2440\" data-end=\"2443\" \/>\n<h2 data-start=\"2445\" data-end=\"2494\">\ud83d\udca1 <strong data-start=\"2451\" data-end=\"2494\">Varf\u00f6r v\u00e4lja Fumot Tornado \/ Fumot 15000?<\/strong><\/h2>\n<ul>\n<li data-start=\"2497\" data-end=\"2552\">Extremt l\u00e5ng livsl\u00e4ngd <strong data-start=\"2520\" data-end=\"2541\">fumot 15000 puffar<\/strong> Livsl\u00e4ngd<\/li>\n<li data-start=\"2555\" data-end=\"2592\">J\u00e4mn, stabil \u00e5nga fr\u00e5n mesh-spole<\/li>\n<li data-start=\"2595\" data-end=\"2655\">Massiv smaksamling - en av de st\u00f6rsta p\u00e5 marknaden<\/li>\n<li data-start=\"2658\" data-end=\"2704\">Ljus LED-display f\u00f6r bekv\u00e4m \u00f6vervakning<\/li>\n<li data-start=\"2707\" data-end=\"2770\">Stark utveckling f\u00f6r b\u00e5de privatpersoner och grossister<\/li>\n<\/ul>","protected":false},"excerpt":{"rendered":"<p data-start=\"2811\" data-end=\"3029\">Fumot Tornado 15000 levererar upp till <strong data-start=\"2846\" data-end=\"2862\">15.000 puffar<\/strong> med en 25mL tank, mesh coil, 850mAh uppladdningsbart batteri, LED-display och 47 smaker. En kraftfull och p\u00e5litlig <strong data-start=\"2974\" data-end=\"2989\">fumot 15000<\/strong> eng\u00e5ngsartiklar f\u00f6r rika, konsekventa moln.<\/p>","protected":false},"featured_media":23148,"comment_status":"open","ping_status":"closed","template":"","meta":{"_acf_changed":false},"pwb-brand":[3187],"product_brand":[],"product_cat":[2784,15,57,84,95],"product_tag":[78],"class_list":{"0":"post-23122","1":"product","2":"type-product","3":"status-publish","4":"has-post-thumbnail","6":"pwb-brand-fumot","7":"product_cat-tornado-vape","8":"product_cat-vape","9":"product_cat-disposable-vape","10":"product_cat-eu-warehouse-in-stock","11":"product_cat-vape-with-screen","12":"product_tag-puff-15k","14":"first","15":"instock","16":"shipping-taxable","17":"purchasable","18":"product-type-variable"},"acf":[],"yoast_head":"<!-- This site is optimized with the Yoast SEO Premium plugin v26.3 (Yoast SEO v26.3) - https:\/\/yoast.com\/wordpress\/plugins\/seo\/ -->\n<title>Fumot Tornado 15k (Fumot 15000) \u2013 15K Puff Disposable Vape - EuVapen<\/title>\n<meta name=\"description\" content=\"Discover the Fumot Tornado 15k, a fumot 15000 puffs disposable with 25mL e-liquid, mesh coil, 850mAh battery, LED screen, and 47 flavor choices. A top performer in the fumot vape 15000 category.\" \/>\n<meta name=\"robots\" content=\"index, follow, max-snippet:-1, max-image-preview:large, max-video-preview:-1\" \/>\n<link rel=\"canonical\" href=\"https:\/\/euvapen.com\/sv\/product\/fumot-15k-fumot-tornado-15000-puffs-disposable-vape\/\" \/>\n<meta property=\"og:locale\" content=\"sv_SE\" \/>\n<meta property=\"og:type\" content=\"article\" \/>\n<meta property=\"og:title\" content=\"Fumot 15k Fumot Tornado 15000 Puffs Disposable Vape\" \/>\n<meta property=\"og:description\" content=\"Discover the Fumot Tornado 15k, a fumot 15000 puffs disposable with 25mL e-liquid, mesh coil, 850mAh battery, LED screen, and 47 flavor choices. A top performer in the fumot vape 15000 category.\" \/>\n<meta property=\"og:url\" content=\"https:\/\/euvapen.com\/sv\/product\/fumot-15k-fumot-tornado-15000-puffs-disposable-vape\/\" \/>\n<meta property=\"og:site_name\" content=\"EuVapen\" \/>\n<meta property=\"article:modified_time\" content=\"2026-02-01T08:20:35+00:00\" \/>\n<meta property=\"og:image\" content=\"https:\/\/euvapen.com\/wp-content\/uploads\/2025\/11\/Fumot-15k-Fumot-Tornado-15000-Puffs-Disposable-Vape-1-1.webp\" \/>\n\t<meta property=\"og:image:width\" content=\"1000\" \/>\n\t<meta property=\"og:image:height\" content=\"1000\" \/>\n\t<meta property=\"og:image:type\" content=\"image\/webp\" \/>\n<meta name=\"twitter:card\" content=\"summary_large_image\" \/>\n<meta name=\"twitter:label1\" content=\"Tillg\u00e4nglig\" \/>\n\t<meta name=\"twitter:data1\" content=\"I lager\" \/>\n<script type=\"application\/ld+json\" class=\"yoast-schema-graph\">{\"@context\":\"https:\/\/schema.org\",\"@graph\":[{\"@type\":\"WebPage\",\"@id\":\"https:\/\/euvapen.com\/product\/fumot-15k-fumot-tornado-15000-puffs-disposable-vape\/\",\"url\":\"https:\/\/euvapen.com\/product\/fumot-15k-fumot-tornado-15000-puffs-disposable-vape\/\",\"name\":\"Fumot Tornado 15k (Fumot 15000) \u2013 15K Puff Disposable Vape - EuVapen\",\"isPartOf\":{\"@id\":\"https:\/\/euvapen.com\/#website\"},\"primaryImageOfPage\":{\"@id\":\"https:\/\/euvapen.com\/product\/fumot-15k-fumot-tornado-15000-puffs-disposable-vape\/#primaryimage\"},\"image\":{\"@id\":\"https:\/\/euvapen.com\/product\/fumot-15k-fumot-tornado-15000-puffs-disposable-vape\/#primaryimage\"},\"thumbnailUrl\":\"https:\/\/euvapen.com\/wp-content\/uploads\/2025\/11\/Fumot-15k-Fumot-Tornado-15000-Puffs-Disposable-Vape-1-1.webp\",\"datePublished\":\"2025-11-27T10:11:19+00:00\",\"dateModified\":\"2026-02-01T08:20:35+00:00\",\"description\":\"Discover the Fumot Tornado 15k, a fumot 15000 puffs disposable with 25mL e-liquid, mesh coil, 850mAh battery, LED screen, and 47 flavor choices. A top performer in the fumot vape 15000 category.\",\"breadcrumb\":{\"@id\":\"https:\/\/euvapen.com\/product\/fumot-15k-fumot-tornado-15000-puffs-disposable-vape\/#breadcrumb\"},\"inLanguage\":\"sv-SE\",\"potentialAction\":[{\"@type\":\"ReadAction\",\"target\":[\"https:\/\/euvapen.com\/product\/fumot-15k-fumot-tornado-15000-puffs-disposable-vape\/\"]}]},{\"@type\":\"ImageObject\",\"inLanguage\":\"sv-SE\",\"@id\":\"https:\/\/euvapen.com\/product\/fumot-15k-fumot-tornado-15000-puffs-disposable-vape\/#primaryimage\",\"url\":\"https:\/\/euvapen.com\/wp-content\/uploads\/2025\/11\/Fumot-15k-Fumot-Tornado-15000-Puffs-Disposable-Vape-1-1.webp\",\"contentUrl\":\"https:\/\/euvapen.com\/wp-content\/uploads\/2025\/11\/Fumot-15k-Fumot-Tornado-15000-Puffs-Disposable-Vape-1-1.webp\",\"width\":1000,\"height\":1000,\"caption\":\"Fumot 15k Fumot Tornado 15000 Puffs Disposable Vape (1)\"},{\"@type\":\"BreadcrumbList\",\"@id\":\"https:\/\/euvapen.com\/product\/fumot-15k-fumot-tornado-15000-puffs-disposable-vape\/#breadcrumb\",\"itemListElement\":[{\"@type\":\"ListItem\",\"position\":1,\"name\":\"Home\",\"item\":\"https:\/\/euvapen.com\/\"},{\"@type\":\"ListItem\",\"position\":2,\"name\":\"Shop\",\"item\":\"https:\/\/euvapen.com\/shop\/\"},{\"@type\":\"ListItem\",\"position\":3,\"name\":\"Fumot 15k Fumot Tornado 15000 Puffs Disposable Vape\"}]},{\"@type\":\"WebSite\",\"@id\":\"https:\/\/euvapen.com\/#website\",\"url\":\"https:\/\/euvapen.com\/\",\"name\":\"bestpuffvape\",\"description\":\"\",\"publisher\":{\"@id\":\"https:\/\/euvapen.com\/#organization\"},\"potentialAction\":[{\"@type\":\"SearchAction\",\"target\":{\"@type\":\"EntryPoint\",\"urlTemplate\":\"https:\/\/euvapen.com\/?s={search_term_string}\"},\"query-input\":{\"@type\":\"PropertyValueSpecification\",\"valueRequired\":true,\"valueName\":\"search_term_string\"}}],\"inLanguage\":\"sv-SE\"},{\"@type\":[\"Organization\",\"Place\"],\"@id\":\"https:\/\/euvapen.com\/#organization\",\"name\":\"bestpuffvape\",\"alternateName\":\"bestpuffvape\",\"url\":\"https:\/\/euvapen.com\/\",\"logo\":{\"@id\":\"https:\/\/euvapen.com\/product\/fumot-15k-fumot-tornado-15000-puffs-disposable-vape\/#local-main-organization-logo\"},\"image\":{\"@id\":\"https:\/\/euvapen.com\/product\/fumot-15k-fumot-tornado-15000-puffs-disposable-vape\/#local-main-organization-logo\"},\"telephone\":[],\"openingHoursSpecification\":[{\"@type\":\"OpeningHoursSpecification\",\"dayOfWeek\":[\"Monday\",\"Tuesday\",\"Wednesday\",\"Thursday\",\"Friday\",\"Saturday\",\"Sunday\"],\"opens\":\"00:00\",\"closes\":\"23:59\"}]},{\"@type\":\"ImageObject\",\"inLanguage\":\"sv-SE\",\"@id\":\"https:\/\/euvapen.com\/product\/fumot-15k-fumot-tornado-15000-puffs-disposable-vape\/#local-main-organization-logo\",\"url\":\"https:\/\/euvapen.com\/wp-content\/uploads\/2025\/10\/cropped-puffvape-logo.png\",\"contentUrl\":\"https:\/\/euvapen.com\/wp-content\/uploads\/2025\/10\/cropped-puffvape-logo.png\",\"width\":512,\"height\":512,\"caption\":\"bestpuffvape\"}]}<\/script>\n<meta property=\"og:availability\" content=\"instock\" \/>\n<meta property=\"product:availability\" content=\"instock\" \/>\n<meta property=\"product:retailer_item_id\" content=\"Fumot-Tornado-15k\" \/>\n<meta property=\"product:condition\" content=\"new\" \/>\n<!-- \/ Yoast SEO Premium plugin. -->","yoast_head_json":{"title":"Fumot Tornado 15k (Fumot 15000) \u2013 15K Puff Disposable Vape - EuVapen","description":"Uppt\u00e4ck Fumot Tornado 15k, en fumot 15000 puffs eng\u00e5ngsapparat med 25 ml e-v\u00e4tska, mesh-spole, 850 mAh batteri, LED-sk\u00e4rm och 47 smakval. En toppresterare i kategorin fumot vape 15000.","robots":{"index":"index","follow":"follow","max-snippet":"max-snippet:-1","max-image-preview":"max-image-preview:large","max-video-preview":"max-video-preview:-1"},"canonical":"https:\/\/euvapen.com\/sv\/product\/fumot-15k-fumot-tornado-15000-puffs-disposable-vape\/","og_locale":"sv_SE","og_type":"article","og_title":"Fumot 15k Fumot Tornado 15000 Puffs Disposable Vape","og_description":"Discover the Fumot Tornado 15k, a fumot 15000 puffs disposable with 25mL e-liquid, mesh coil, 850mAh battery, LED screen, and 47 flavor choices. A top performer in the fumot vape 15000 category.","og_url":"https:\/\/euvapen.com\/sv\/product\/fumot-15k-fumot-tornado-15000-puffs-disposable-vape\/","og_site_name":"EuVapen","article_modified_time":"2026-02-01T08:20:35+00:00","og_image":[{"width":1000,"height":1000,"url":"https:\/\/euvapen.com\/wp-content\/uploads\/2025\/11\/Fumot-15k-Fumot-Tornado-15000-Puffs-Disposable-Vape-1-1.webp","type":"image\/webp"}],"twitter_card":"summary_large_image","twitter_misc":{"Tillg\u00e4nglig":"I lager"},"schema":{"@context":"https:\/\/schema.org","@graph":[{"@type":"WebPage","@id":"https:\/\/euvapen.com\/product\/fumot-15k-fumot-tornado-15000-puffs-disposable-vape\/","url":"https:\/\/euvapen.com\/product\/fumot-15k-fumot-tornado-15000-puffs-disposable-vape\/","name":"Fumot Tornado 15k (Fumot 15000) \u2013 15K Puff Disposable Vape - EuVapen","isPartOf":{"@id":"https:\/\/euvapen.com\/#website"},"primaryImageOfPage":{"@id":"https:\/\/euvapen.com\/product\/fumot-15k-fumot-tornado-15000-puffs-disposable-vape\/#primaryimage"},"image":{"@id":"https:\/\/euvapen.com\/product\/fumot-15k-fumot-tornado-15000-puffs-disposable-vape\/#primaryimage"},"thumbnailUrl":"https:\/\/euvapen.com\/wp-content\/uploads\/2025\/11\/Fumot-15k-Fumot-Tornado-15000-Puffs-Disposable-Vape-1-1.webp","datePublished":"2025-11-27T10:11:19+00:00","dateModified":"2026-02-01T08:20:35+00:00","description":"Uppt\u00e4ck Fumot Tornado 15k, en fumot 15000 puffs eng\u00e5ngsapparat med 25 ml e-v\u00e4tska, mesh-spole, 850 mAh batteri, LED-sk\u00e4rm och 47 smakval. En toppresterare i kategorin fumot vape 15000.","breadcrumb":{"@id":"https:\/\/euvapen.com\/product\/fumot-15k-fumot-tornado-15000-puffs-disposable-vape\/#breadcrumb"},"inLanguage":"sv-SE","potentialAction":[{"@type":"ReadAction","target":["https:\/\/euvapen.com\/product\/fumot-15k-fumot-tornado-15000-puffs-disposable-vape\/"]}]},{"@type":"ImageObject","inLanguage":"sv-SE","@id":"https:\/\/euvapen.com\/product\/fumot-15k-fumot-tornado-15000-puffs-disposable-vape\/#primaryimage","url":"https:\/\/euvapen.com\/wp-content\/uploads\/2025\/11\/Fumot-15k-Fumot-Tornado-15000-Puffs-Disposable-Vape-1-1.webp","contentUrl":"https:\/\/euvapen.com\/wp-content\/uploads\/2025\/11\/Fumot-15k-Fumot-Tornado-15000-Puffs-Disposable-Vape-1-1.webp","width":1000,"height":1000,"caption":"Fumot 15k Fumot Tornado 15000 Puffs Disposable Vape (1)"},{"@type":"BreadcrumbList","@id":"https:\/\/euvapen.com\/product\/fumot-15k-fumot-tornado-15000-puffs-disposable-vape\/#breadcrumb","itemListElement":[{"@type":"ListItem","position":1,"name":"Home","item":"https:\/\/euvapen.com\/"},{"@type":"ListItem","position":2,"name":"Shop","item":"https:\/\/euvapen.com\/shop\/"},{"@type":"ListItem","position":3,"name":"Fumot 15k Fumot Tornado 15000 Puffs Disposable Vape"}]},{"@type":"WebSite","@id":"https:\/\/euvapen.com\/#website","url":"https:\/\/euvapen.com\/","name":"b\u00e4stapuffvape","description":"","publisher":{"@id":"https:\/\/euvapen.com\/#organization"},"potentialAction":[{"@type":"SearchAction","target":{"@type":"EntryPoint","urlTemplate":"https:\/\/euvapen.com\/?s={search_term_string}"},"query-input":{"@type":"PropertyValueSpecification","valueRequired":true,"valueName":"search_term_string"}}],"inLanguage":"sv-SE"},{"@type":["Organization","Place"],"@id":"https:\/\/euvapen.com\/#organization","name":"b\u00e4stapuffvape","alternateName":"bestpuffvape","url":"https:\/\/euvapen.com\/","logo":{"@id":"https:\/\/euvapen.com\/product\/fumot-15k-fumot-tornado-15000-puffs-disposable-vape\/#local-main-organization-logo"},"image":{"@id":"https:\/\/euvapen.com\/product\/fumot-15k-fumot-tornado-15000-puffs-disposable-vape\/#local-main-organization-logo"},"telephone":[],"openingHoursSpecification":[{"@type":"OpeningHoursSpecification","dayOfWeek":["Monday","Tuesday","Wednesday","Thursday","Friday","Saturday","Sunday"],"opens":"00:00","closes":"23:59"}]},{"@type":"ImageObject","inLanguage":"sv-SE","@id":"https:\/\/euvapen.com\/product\/fumot-15k-fumot-tornado-15000-puffs-disposable-vape\/#local-main-organization-logo","url":"https:\/\/euvapen.com\/wp-content\/uploads\/2025\/10\/cropped-puffvape-logo.png","contentUrl":"https:\/\/euvapen.com\/wp-content\/uploads\/2025\/10\/cropped-puffvape-logo.png","width":512,"height":512,"caption":"bestpuffvape"}]},"og_availability":"instock","product_availability":"instock","product_retailer_item_id":"Fumot-Tornado-15k","product_condition":"new"},"brands":[{"id":3187,"name":"Fumot","slug":"fumot"}],"tiered_pricing_type":"fixed","tiered_pricing_fixed_rules":{"30":"11.5","50":"9.5","100":"9.2","200":"8.8"},"tiered_pricing_product_settings":{"layout":"default","base_unit_name":{"singular":null,"plural":null},"default_variation":{}},"tiered_pricing_minimum_quantity":10,"tiered_pricing_roles_data":[],"tiered_pricing_percentage_rules":[],"tiered_pricing_maximum_quantity":null,"tiered_pricing_quantity_step":"10","_links":{"self":[{"href":"https:\/\/euvapen.com\/sv\/wp-json\/wp\/v2\/product\/23122","targetHints":{"allow":["GET"]}}],"collection":[{"href":"https:\/\/euvapen.com\/sv\/wp-json\/wp\/v2\/product"}],"about":[{"href":"https:\/\/euvapen.com\/sv\/wp-json\/wp\/v2\/types\/product"}],"replies":[{"embeddable":true,"href":"https:\/\/euvapen.com\/sv\/wp-json\/wp\/v2\/comments?post=23122"}],"wp:featuredmedia":[{"embeddable":true,"href":"https:\/\/euvapen.com\/sv\/wp-json\/wp\/v2\/media\/23148"}],"wp:attachment":[{"href":"https:\/\/euvapen.com\/sv\/wp-json\/wp\/v2\/media?parent=23122"}],"wp:term":[{"taxonomy":"pwb-brand","embeddable":true,"href":"https:\/\/euvapen.com\/sv\/wp-json\/wp\/v2\/pwb-brand?post=23122"},{"taxonomy":"product_brand","embeddable":true,"href":"https:\/\/euvapen.com\/sv\/wp-json\/wp\/v2\/product_brand?post=23122"},{"taxonomy":"product_cat","embeddable":true,"href":"https:\/\/euvapen.com\/sv\/wp-json\/wp\/v2\/product_cat?post=23122"},{"taxonomy":"product_tag","embeddable":true,"href":"https:\/\/euvapen.com\/sv\/wp-json\/wp\/v2\/product_tag?post=23122"}],"curies":[{"name":"wp","href":"https:\/\/api.w.org\/{rel}","templated":true}]}}